
{"id":765,"date":"2019-04-06T10:26:59","date_gmt":"2019-04-06T08:26:59","guid":{"rendered":"https:\/\/www.nadirtravel.com\/about_nadir_travel\/"},"modified":"2024-06-05T08:11:32","modified_gmt":"2024-06-05T06:11:32","slug":"sobre-nadir-travel","status":"publish","type":"page","link":"https:\/\/www.nadirtravel.com\/es\/sobre-nadir-travel\/","title":{"rendered":"Sobre Nadir Travel"},"content":{"rendered":"<p>[et_pb_section fb_built=\u00bb1&#8243; module_class=\u00bbheader-section\u00bb _builder_version=\u00bb4.25.0&#8243; background_color=\u00bbrgba(51,84,152,0.45)\u00bb background_image=\u00bbhttps:\/\/www.nadirtravel.com\/wp-content\/uploads\/2024\/04\/nadir-travel-heroshot.webp\u00bb background_blend=\u00bbmultiply\u00bb z_index_tablet=\u00bb500&#8243; locked=\u00bboff\u00bb global_colors_info=\u00bb{}\u00bb][et_pb_row column_structure=\u00bb2_3,1_3&#8243; make_equal=\u00bbon\u00bb custom_padding_last_edited=\u00bbon|desktop\u00bb _builder_version=\u00bb4.16&#8243; background_size=\u00bbinitial\u00bb background_position=\u00bbtop_left\u00bb background_repeat=\u00bbrepeat\u00bb custom_padding=\u00bb15vh||9vh|\u00bb custom_padding_tablet=\u00bb12vh||5vh|\u00bb custom_padding_phone=\u00bb10vh||3vh|\u00bb z_index_tablet=\u00bb500&#8243; global_colors_info=\u00bb{}\u00bb][et_pb_column type=\u00bb2_3&#8243; _builder_version=\u00bb4.16&#8243; custom_padding=\u00bb|||\u00bb global_colors_info=\u00bb{}\u00bb custom_padding__hover=\u00bb|||\u00bb][et_pb_text _builder_version=\u00bb4.25.1&#8243; header_font=\u00bbDroid Serif||||||||\u00bb header_text_color=\u00bb#ffffff\u00bb header_font_size=\u00bb55px\u00bb header_line_height=\u00bb1.2em\u00bb hover_enabled=\u00bb0&#8243; header_font_size_tablet=\u00bb46px\u00bb header_font_size_phone=\u00bb38px\u00bb header_font_size_last_edited=\u00bbon|phone\u00bb z_index_tablet=\u00bb500&#8243; global_colors_info=\u00bb{}\u00bb sticky_enabled=\u00bb0&#8243;]<\/p>\n<h1>Sobre Nosotros<\/h1>\n<p>[\/et_pb_text][\/et_pb_column][et_pb_column type=\u00bb1_3&#8243; _builder_version=\u00bb4.16&#8243; custom_padding=\u00bb|||\u00bb custom_css_main_element=\u00bbmargin:auto;\u00bb global_colors_info=\u00bb{}\u00bb custom_padding__hover=\u00bb|||\u00bb][et_pb_text module_class=\u00bbheader-crumbs\u00bb _builder_version=\u00bb4.16&#8243; text_text_color=\u00bb#ff6d6d\u00bb text_font_size=\u00bb25px\u00bb text_line_height=\u00bb1.3em\u00bb text_font_size_tablet=\u00bb22px\u00bb text_font_size_phone=\u00bb20px\u00bb text_font_size_last_edited=\u00bbon|phone\u00bb z_index_tablet=\u00bb500&#8243; global_colors_info=\u00bb{}\u00bb]<\/p>\n<p><a style=\"color: #ffffff;\" href=\"https:\/\/divitravelblog.divilife.site\/\">Home\/<\/a> About Us<\/p>\n<p>[\/et_pb_text][\/et_pb_column][\/et_pb_row][\/et_pb_section][et_pb_section fb_built=\u00bb1&#8243; custom_padding_last_edited=\u00bbon|phone\u00bb _builder_version=\u00bb4.25.0&#8243; background_color=\u00bb#f5f6f7&#8243; custom_padding=\u00bb90px||2px||false|false\u00bb custom_padding_tablet=\u00bb70px||30px|\u00bb custom_padding_phone=\u00bb50px||30px|\u00bb z_index_tablet=\u00bb500&#8243; locked=\u00bboff\u00bb global_colors_info=\u00bb{}\u00bb][et_pb_row column_structure=\u00bb2_3,1_3&#8243; make_equal=\u00bbon\u00bb custom_padding_last_edited=\u00bbon|tablet\u00bb _builder_version=\u00bb4.16&#8243; background_size=\u00bbinitial\u00bb background_position=\u00bbtop_left\u00bb background_repeat=\u00bbrepeat\u00bb custom_padding=\u00bb||20px|\u00bb custom_padding_tablet=\u00bb||0px|\u00bb custom_padding_phone=\u00bb\u00bb z_index_tablet=\u00bb500&#8243; global_colors_info=\u00bb{}\u00bb][et_pb_column type=\u00bb2_3&#8243; _builder_version=\u00bb4.16&#8243; custom_padding=\u00bb|||\u00bb global_colors_info=\u00bb{}\u00bb custom_padding__hover=\u00bb|||\u00bb][et_pb_text _builder_version=\u00bb4.25.1&#8243; text_font=\u00bbNunito Sans||||||||\u00bb text_text_color=\u00bb#747489&#8243; header_2_font_size=\u00bb35px\u00bb header_2_line_height=\u00bb1.7em\u00bb custom_margin=\u00bb||30px|\u00bb custom_margin_tablet=\u00bb||0px|\u00bb custom_margin_phone=\u00bb\u00bb custom_margin_last_edited=\u00bbon|tablet\u00bb hover_enabled=\u00bb0&#8243; z_index_tablet=\u00bb500&#8243; global_colors_info=\u00bb{}\u00bb sticky_enabled=\u00bb0&#8243;]<\/p>\n<h2>Sobre Nadir Travel &amp; Tour<\/h2>\n<p>Travel Nadir es una agencia de viajes con 40 a\u00f1os de experiencia. En el sector tur\u00edstico, a lo largo de todos estos a\u00f1os hemos seleccionado cuidadosamente a los mejores socios italianos y extranjeros con el deseo de ofrecer a nuestros clientes experiencias \u00fanicas e inolvidables en todo el mundo.<\/p>\n<p>Nuestra agencia se especializa en 3 grandes sectores:<\/p>\n<ol>\n<li><strong>Viajes de negocios.<\/strong><\/li>\n<li><strong>Lunas de miel.<\/strong><\/li>\n<li><strong>Viajes gastron\u00f3micos y enol\u00f3gicos.<\/strong><\/li>\n<\/ol>\n<p>Siempre nos ha impulsado el deseo de hacer que nuestros clientes vivan momentos especiales que puedan acompa\u00f1arles toda la vida.<\/p>\n<p>Para nosotros viajar significa crecer, aprender, divertirnos pero tambi\u00e9n emocionarnos y descubrir el mundo siempre con otros ojos.<\/p>\n<p>[\/et_pb_text][\/et_pb_column][et_pb_column type=\u00bb1_3&#8243; _builder_version=\u00bb4.16&#8243; custom_padding=\u00bb|||\u00bb custom_css_main_element=\u00bbmargin:auto;\u00bb global_colors_info=\u00bb{}\u00bb custom_padding__hover=\u00bb|||\u00bb][et_pb_image src=\u00bbhttps:\/\/www.nadirtravel.com\/wp-content\/uploads\/2024\/03\/nadirtravel_logo.png\u00bb alt=\u00bbNadir Travel &#038; Tour\u00bb title_text=\u00bbNadir Travel &#038; Tour\u00bb _builder_version=\u00bb4.25.0&#8243; _module_preset=\u00bbdefault\u00bb background_color=\u00bb#FFFFFF\u00bb border_radii=\u00bbon|5px|5px|5px|5px\u00bb border_width_all=\u00bb3px\u00bb border_color_all=\u00bb#e94935&#8243; box_shadow_style=\u00bbpreset1&#8243; global_colors_info=\u00bb{}\u00bb][\/et_pb_image][\/et_pb_column][\/et_pb_row][\/et_pb_section][et_pb_section fb_built=\u00bb1&#8243; custom_padding_last_edited=\u00bbon|phone\u00bb prev_background_color=\u00bb#f5f6f7&#8243; _builder_version=\u00bb4.25.0&#8243; background_color=\u00bb#ffffff\u00bb use_background_color_gradient=\u00bbon\u00bb background_color_gradient_stops=\u00bbrgba(255,255,255,0.61) 1%|rgba(255, 255, 255, 0.66) 22%|#ffffff 80%\u00bb background_color_gradient_overlays_image=\u00bbon\u00bb background_image=\u00bbhttps:\/\/www.nadirtravel.com\/wp-content\/uploads\/2024\/04\/nadir-travel-mission.webp\u00bb parallax=\u00bbon\u00bb custom_padding=\u00bb90px||2px||false|false\u00bb custom_padding_tablet=\u00bb70px||30px|\u00bb custom_padding_phone=\u00bb50px||30px|\u00bb top_divider_style=\u00bbarrow2&#8243; z_index_tablet=\u00bb500&#8243; locked=\u00bboff\u00bb global_colors_info=\u00bb{}\u00bb][et_pb_row column_structure=\u00bb1_3,2_3&#8243; make_equal=\u00bbon\u00bb custom_padding_last_edited=\u00bbon|tablet\u00bb _builder_version=\u00bb4.16&#8243; background_size=\u00bbinitial\u00bb background_position=\u00bbtop_left\u00bb background_repeat=\u00bbrepeat\u00bb custom_padding=\u00bb||20px|\u00bb custom_padding_tablet=\u00bb||0px|\u00bb custom_padding_phone=\u00bb\u00bb z_index_tablet=\u00bb500&#8243; global_colors_info=\u00bb{}\u00bb][et_pb_column type=\u00bb1_3&#8243; _builder_version=\u00bb4.16&#8243; custom_padding=\u00bb|||\u00bb global_colors_info=\u00bb{}\u00bb custom_padding__hover=\u00bb|||\u00bb][et_pb_image src=\u00bbhttps:\/\/www.nadirtravel.com\/wp-content\/uploads\/2024\/04\/about-nadirtravel-02.jpg\u00bb alt=\u00bbNadir Travel &#038; Tour\u00bb title_text=\u00bbAbout Nadir Travel\u00bb _builder_version=\u00bb4.25.0&#8243; _module_preset=\u00bbdefault\u00bb background_color=\u00bb#FFFFFF\u00bb border_radii=\u00bbon|5px|5px|5px|5px\u00bb border_width_all=\u00bb3px\u00bb border_color_all=\u00bb#e94935&#8243; box_shadow_style=\u00bbpreset1&#8243; global_colors_info=\u00bb{}\u00bb][\/et_pb_image][\/et_pb_column][et_pb_column type=\u00bb2_3&#8243; _builder_version=\u00bb4.16&#8243; custom_padding=\u00bb|||\u00bb custom_css_main_element=\u00bbmargin:auto;\u00bb global_colors_info=\u00bb{}\u00bb custom_padding__hover=\u00bb|||\u00bb][et_pb_text _builder_version=\u00bb4.25.1&#8243; text_font=\u00bbNunito Sans||||||||\u00bb text_text_color=\u00bb#747489&#8243; header_2_font_size=\u00bb35px\u00bb header_2_line_height=\u00bb1.7em\u00bb custom_margin=\u00bb||30px|\u00bb custom_margin_tablet=\u00bb||0px|\u00bb custom_margin_phone=\u00bb\u00bb custom_margin_last_edited=\u00bbon|tablet\u00bb hover_enabled=\u00bb0&#8243; z_index_tablet=\u00bb500&#8243; global_colors_info=\u00bb{}\u00bb sticky_enabled=\u00bb0&#8243;]<\/p>\n<h2>Nuestra misi\u00f3n:<\/h2>\n<p>Nuestro objetivo es comprender las pasiones, intereses y necesidades de nuestros clientes para garantizarles experiencias de viaje \u00fanicas y altamente personalizadas.<\/p>\n<p>Damos gran importancia al tiempo libre de nuestros viajeros porque sabemos que esos momentos se encuentran entre los m\u00e1s preciados en la vida de todos, por eso la satisfacci\u00f3n y felicidad de nuestros clientes son nuestra m\u00e1xima prioridad.<\/p>\n<p>[\/et_pb_text][\/et_pb_column][\/et_pb_row][\/et_pb_section][et_pb_section fb_built=\u00bb1&#8243; prev_background_color=\u00bb#ffffff\u00bb _builder_version=\u00bb4.25.0&#8243; background_color=\u00bb#f5f6f7&#8243; top_divider_style=\u00bbarrow2&#8243; locked=\u00bboff\u00bb global_colors_info=\u00bb{}\u00bb][et_pb_row column_structure=\u00bb3_5,2_5&#8243; make_equal=\u00bbon\u00bb custom_padding_last_edited=\u00bbon|tablet\u00bb _builder_version=\u00bb4.16&#8243; background_size=\u00bbinitial\u00bb background_position=\u00bbtop_left\u00bb background_repeat=\u00bbrepeat\u00bb custom_padding=\u00bb||20px|\u00bb custom_padding_tablet=\u00bb||0px|\u00bb custom_padding_phone=\u00bb\u00bb z_index_tablet=\u00bb500&#8243; global_colors_info=\u00bb{}\u00bb][et_pb_column type=\u00bb3_5&#8243; _builder_version=\u00bb4.16&#8243; custom_padding=\u00bb|||\u00bb global_colors_info=\u00bb{}\u00bb custom_padding__hover=\u00bb|||\u00bb][et_pb_text _builder_version=\u00bb4.25.1&#8243; text_font=\u00bbNunito Sans||||||||\u00bb text_text_color=\u00bb#747489&#8243; header_2_font_size=\u00bb35px\u00bb header_2_line_height=\u00bb1.7em\u00bb custom_margin=\u00bb||30px|\u00bb custom_margin_tablet=\u00bb||0px|\u00bb custom_margin_phone=\u00bb\u00bb custom_margin_last_edited=\u00bbon|tablet\u00bb hover_enabled=\u00bb0&#8243; z_index_tablet=\u00bb500&#8243; global_colors_info=\u00bb{}\u00bb sticky_enabled=\u00bb0&#8243;]<\/p>\n<h2 style=\"text-align: center;\">Nuestro Equipo<\/h2>\n<p>[\/et_pb_text][\/et_pb_column][et_pb_column type=\u00bb2_5&#8243; _builder_version=\u00bb4.16&#8243; custom_padding=\u00bb|||\u00bb custom_css_main_element=\u00bbmargin:auto;\u00bb global_colors_info=\u00bb{}\u00bb custom_padding__hover=\u00bb|||\u00bb][\/et_pb_column][\/et_pb_row][et_pb_row column_structure=\u00bb1_2,1_2&#8243; make_equal=\u00bbon\u00bb _builder_version=\u00bb4.16&#8243; width=\u00bb80.4%\u00bb z_index_tablet=\u00bb500&#8243; global_colors_info=\u00bb{}\u00bb][et_pb_column type=\u00bb1_2&#8243; _builder_version=\u00bb4.16&#8243; custom_padding=\u00bb|||\u00bb global_colors_info=\u00bb{}\u00bb custom_padding__hover=\u00bb|||\u00bb][et_pb_image src=\u00bbhttps:\/\/www.nadirtravel.com\/wp-content\/uploads\/2024\/04\/Gabriella-Orioli-scaled.jpg\u00bb alt=\u00bbGabriella Orioli, Founder Nadir Travel\u00bb title_text=\u00bbGabriella Orioli\u00bb force_fullwidth=\u00bbon\u00bb align_tablet=\u00bbcenter\u00bb align_phone=\u00bbcenter\u00bb align_last_edited=\u00bbon|desktop\u00bb _builder_version=\u00bb4.25.0&#8243; background_color=\u00bb#d2d2d2&#8243; custom_padding=\u00bb1px|||||\u00bb filter_opacity=\u00bb80%\u00bb z_index_tablet=\u00bb500&#8243; border_radii=\u00bbon|5px|5px|5px|5px\u00bb border_width_all=\u00bb3px\u00bb border_color_all=\u00bbgcid-primary-color\u00bb box_shadow_style=\u00bbpreset1&#8243; global_colors_info=\u00bb{%22gcid-primary-color%22:%91%22border_color_all%22%93}\u00bb][\/et_pb_image][\/et_pb_column][et_pb_column type=\u00bb1_2&#8243; _builder_version=\u00bb4.16&#8243; custom_padding=\u00bb|||\u00bb custom_css_main_element=\u00bbmargin:auto;\u00bb global_colors_info=\u00bb{}\u00bb custom_padding__hover=\u00bb|||\u00bb][et_pb_text _builder_version=\u00bb4.25.1&#8243; text_font=\u00bbNunito Sans||||||||\u00bb text_text_color=\u00bb#747489&#8243; header_2_text_align=\u00bbleft\u00bb header_2_font_size=\u00bb35px\u00bb header_2_line_height=\u00bb1.7em\u00bb text_orientation=\u00bbjustified\u00bb max_width=\u00bb85%\u00bb max_width_tablet=\u00bb100%\u00bb max_width_phone=\u00bb\u00bb max_width_last_edited=\u00bbon|desktop\u00bb custom_margin=\u00bb||40px|\u00bb hover_enabled=\u00bb0&#8243; header_2_font_size_tablet=\u00bb30px\u00bb header_2_font_size_phone=\u00bb28px\u00bb header_2_font_size_last_edited=\u00bbon|phone\u00bb z_index_tablet=\u00bb500&#8243; global_colors_info=\u00bb{}\u00bb sticky_enabled=\u00bb0&#8243;]<\/p>\n<h2>Gabriella Orioli<\/h2>\n<p>Soy la fundadora y propietaria de Travel Nadir.<\/p>\n<p>Despu\u00e9s de m\u00e1s de 15 a\u00f1os viviendo en el extranjero entre Francia, Norteam\u00e9rica, Sudam\u00e9rica y \u00c1frica trabajando para importantes empresas multinacionales del sector tur\u00edstico, en 1983 decid\u00ed abrir mi propia empresa.<\/p>\n<p>Viajar a menudo abre nuevas perspectivas, ampl\u00eda horizontes y crea recuerdos duraderos.<\/p>\n<p>Ya sea explorando nuevas culturas, probando diferentes cocinas o simplemente experimentando la belleza de la naturaleza, viajar tiene una forma \u00fanica de enriquecer nuestras vidas.<\/p>\n<p>Viajar es mi vida y desde 1983 comparto mi pasi\u00f3n cada d\u00eda con mi equipo y con nuestros clientes.<\/p>\n<p>[\/et_pb_text][\/et_pb_column][\/et_pb_row][et_pb_row column_structure=\u00bb1_2,1_2&#8243; make_equal=\u00bbon\u00bb _builder_version=\u00bb4.16&#8243; width=\u00bb80.4%\u00bb z_index_tablet=\u00bb500&#8243; global_colors_info=\u00bb{}\u00bb][et_pb_column type=\u00bb1_2&#8243; _builder_version=\u00bb4.16&#8243; custom_padding=\u00bb|||\u00bb global_colors_info=\u00bb{}\u00bb custom_padding__hover=\u00bb|||\u00bb][et_pb_image src=\u00bbhttps:\/\/www.nadirtravel.com\/wp-content\/uploads\/2024\/04\/Leonardo-Rotondo-scaled.jpg\u00bb alt=\u00bbMassimiliano Rotondo\u00bb title_text=\u00bbLeonardo Rotondo\u00bb force_fullwidth=\u00bbon\u00bb align_tablet=\u00bbcenter\u00bb align_phone=\u00bbcenter\u00bb align_last_edited=\u00bbon|desktop\u00bb _builder_version=\u00bb4.25.0&#8243; background_color=\u00bb#d2d2d2&#8243; custom_padding=\u00bb1px|||||\u00bb filter_opacity=\u00bb80%\u00bb z_index_tablet=\u00bb500&#8243; border_radii=\u00bbon|5px|5px|5px|5px\u00bb border_width_all=\u00bb3px\u00bb border_color_all=\u00bbgcid-primary-color\u00bb box_shadow_style=\u00bbpreset1&#8243; global_colors_info=\u00bb{%22gcid-primary-color%22:%91%22border_color_all%22%93}\u00bb][\/et_pb_image][\/et_pb_column][et_pb_column type=\u00bb1_2&#8243; _builder_version=\u00bb4.16&#8243; custom_padding=\u00bb|||\u00bb custom_css_main_element=\u00bbmargin:auto;\u00bb global_colors_info=\u00bb{}\u00bb custom_padding__hover=\u00bb|||\u00bb][et_pb_text _builder_version=\u00bb4.25.1&#8243; text_font=\u00bbNunito Sans||||||||\u00bb text_text_color=\u00bb#747489&#8243; header_2_text_align=\u00bbleft\u00bb header_2_font_size=\u00bb35px\u00bb header_2_line_height=\u00bb1.7em\u00bb text_orientation=\u00bbjustified\u00bb max_width=\u00bb85%\u00bb max_width_tablet=\u00bb100%\u00bb max_width_phone=\u00bb\u00bb max_width_last_edited=\u00bbon|desktop\u00bb custom_margin=\u00bb||40px|\u00bb hover_enabled=\u00bb0&#8243; header_2_font_size_tablet=\u00bb30px\u00bb header_2_font_size_phone=\u00bb28px\u00bb header_2_font_size_last_edited=\u00bbon|phone\u00bb z_index_tablet=\u00bb500&#8243; global_colors_info=\u00bb{}\u00bb sticky_enabled=\u00bb0&#8243;]<\/p>\n<h2>Leonardo Rotondo<\/h2>\n<p>Mi nombre es Leonardo Rotondo, director ejecutivo y copropietario de Travel Nadir.<\/p>\n<p>Despu\u00e9s de 25 a\u00f1os trabajando en el sector de seguros para una de las principales compa\u00f1\u00edas de seguros de Europa, en 1983 decid\u00ed unirme a mi esposa Gabriella (la fundadora y propietaria de Travel Nadir) y comenzar un cap\u00edtulo completamente diferente de mi vida con ella.<\/p>\n<p>Dejar la industria en la que hab\u00eda trabajado exitosamente durante m\u00e1s de 20 a\u00f1os y comenzar desde cero en una industria que no conoc\u00eda fue un paso dif\u00edcil de dar pero result\u00f3 ser la mejor decisi\u00f3n que pude tomar.<\/p>\n<p>Mi deber principal es supervisar la direcci\u00f3n estrat\u00e9gica y las operaciones comerciales de la empresa, asegurando que Travel Nadir ofrezca servicios de primer nivel y viajes inolvidables a sus clientes.<\/p>\n<p>[\/et_pb_text][\/et_pb_column][\/et_pb_row][et_pb_row column_structure=\u00bb1_2,1_2&#8243; make_equal=\u00bbon\u00bb _builder_version=\u00bb4.16&#8243; width=\u00bb80.4%\u00bb z_index_tablet=\u00bb500&#8243; global_colors_info=\u00bb{}\u00bb][et_pb_column type=\u00bb1_2&#8243; _builder_version=\u00bb4.16&#8243; custom_padding=\u00bb|||\u00bb global_colors_info=\u00bb{}\u00bb custom_padding__hover=\u00bb|||\u00bb][et_pb_image src=\u00bbhttps:\/\/www.nadirtravel.com\/wp-content\/uploads\/2024\/04\/massimiliano-rotondo.jpg\u00bb alt=\u00bbMassimiliano Rotondo\u00bb title_text=\u00bbMassimiliano Rotondo\u00bb force_fullwidth=\u00bbon\u00bb align_tablet=\u00bbcenter\u00bb align_phone=\u00bbcenter\u00bb align_last_edited=\u00bbon|desktop\u00bb _builder_version=\u00bb4.24.2&#8243; background_color=\u00bb#d2d2d2&#8243; custom_padding=\u00bb1px|||||\u00bb filter_opacity=\u00bb80%\u00bb border_radii=\u00bbon|5px|5px|5px|5px\u00bb border_width_all=\u00bb3px\u00bb border_color_all=\u00bbgcid-primary-color\u00bb box_shadow_style=\u00bbpreset1&#8243; global_colors_info=\u00bb{%22gcid-primary-color%22:%91%22border_color_all%22%93}\u00bb][\/et_pb_image][\/et_pb_column][et_pb_column type=\u00bb1_2&#8243; _builder_version=\u00bb4.16&#8243; custom_padding=\u00bb|||\u00bb custom_css_main_element=\u00bbmargin:auto;\u00bb global_colors_info=\u00bb{}\u00bb custom_padding__hover=\u00bb|||\u00bb][et_pb_text _builder_version=\u00bb4.25.1&#8243; text_font=\u00bbNunito Sans||||||||\u00bb text_text_color=\u00bb#747489&#8243; header_2_text_align=\u00bbleft\u00bb header_2_font_size=\u00bb35px\u00bb header_2_line_height=\u00bb1.7em\u00bb text_orientation=\u00bbjustified\u00bb max_width=\u00bb85%\u00bb max_width_tablet=\u00bb100%\u00bb max_width_phone=\u00bb\u00bb max_width_last_edited=\u00bbon|desktop\u00bb custom_margin=\u00bb||40px|\u00bb hover_enabled=\u00bb0&#8243; header_2_font_size_tablet=\u00bb30px\u00bb header_2_font_size_phone=\u00bb28px\u00bb header_2_font_size_last_edited=\u00bbon|phone\u00bb z_index_tablet=\u00bb500&#8243; global_colors_info=\u00bb{}\u00bb sticky_enabled=\u00bb0&#8243;]<\/p>\n<h2>Massimiliano Rotondo<\/h2>\n<p>Mi nombre es Massimiliano Rotondo, soy el Gerente de Asociaci\u00f3n y Desarrollo de Negocios de Travel Nadir, especializado en construir asociaciones comerciales estrat\u00e9gicas, expandir la red de negocios de Travel Nadir y allanar el camino para aventuras incomparables.<\/p>\n<p>Haber vivido en varios pa\u00edses me dio la oportunidad de desarrollar un profundo aprecio por las diversas culturas y una profunda comprensi\u00f3n de los mercados globales.<\/p>\n<p>Mi pasi\u00f3n por viajar no es s\u00f3lo un hobby; es una fuerza impulsora detr\u00e1s de mis esfuerzos profesionales.<\/p>\n<p>M\u00e1s all\u00e1 de la sala de juntas, a menudo me encontrar\u00e1s explorando nuevos destinos, sumergi\u00e9ndome en las costumbres locales y buscando gemas escondidas fuera de lo com\u00fan.<\/p>\n<p>[\/et_pb_text][et_pb_button button_url=\u00bbhttps:\/\/www.linkedin.com\/in\/rotondomassimiliano\/\u00bb button_text=\u00bbMy LinkedIn\u00bb _builder_version=\u00bb4.24.2&#8243; custom_button=\u00bbon\u00bb button_bg_color=\u00bb#ff6d6d\u00bb button_border_color=\u00bb#ff6d6d\u00bb button_border_radius=\u00bb1px\u00bb button_font=\u00bb||||||||\u00bb button_icon=\u00bb&#x35;||divi||400&#8243; button_icon_color=\u00bb#ffffff\u00bb background_layout=\u00bbdark\u00bb custom_padding=\u00bb8px|30px|8px|30px|true|true\u00bb z_index_tablet=\u00bb500&#8243; box_shadow_style=\u00bbpreset2&#8243; box_shadow_horizontal=\u00bb3px\u00bb box_shadow_color=\u00bbrgba(255,109,109,0.5)\u00bb global_colors_info=\u00bb{}\u00bb][\/et_pb_button][\/et_pb_column][\/et_pb_row][\/et_pb_section]<\/p>\n","protected":false},"excerpt":{"rendered":"<p>Sobre NosotrosHome\/ About Us Sobre Nadir Travel &amp; Tour Travel Nadir es una agencia de viajes con 40 a\u00f1os de experiencia. En el sector tur\u00edstico, a lo largo de todos estos a\u00f1os hemos seleccionado cuidadosamente a los mejores socios italianos y extranjeros con el deseo de ofrecer a nuestros clientes experiencias \u00fanicas e inolvidables en [&hellip;]<\/p>\n","protected":false},"author":1,"featured_media":0,"parent":0,"menu_order":0,"comment_status":"closed","ping_status":"closed","template":"","meta":{"_et_pb_use_builder":"on","_et_pb_old_content":"","_et_gb_content_width":"","footnotes":""},"class_list":["post-765","page","type-page","status-publish","hentry"],"_links":{"self":[{"href":"https:\/\/www.nadirtravel.com\/es\/wp-json\/wp\/v2\/pages\/765","targetHints":{"allow":["GET"]}}],"collection":[{"href":"https:\/\/www.nadirtravel.com\/es\/wp-json\/wp\/v2\/pages"}],"about":[{"href":"https:\/\/www.nadirtravel.com\/es\/wp-json\/wp\/v2\/types\/page"}],"author":[{"embeddable":true,"href":"https:\/\/www.nadirtravel.com\/es\/wp-json\/wp\/v2\/users\/1"}],"replies":[{"embeddable":true,"href":"https:\/\/www.nadirtravel.com\/es\/wp-json\/wp\/v2\/comments?post=765"}],"version-history":[{"count":0,"href":"https:\/\/www.nadirtravel.com\/es\/wp-json\/wp\/v2\/pages\/765\/revisions"}],"wp:attachment":[{"href":"https:\/\/www.nadirtravel.com\/es\/wp-json\/wp\/v2\/media?parent=765"}],"curies":[{"name":"wp","href":"https:\/\/api.w.org\/{rel}","templated":true}]}}