
{"id":852,"date":"2024-03-20T11:31:06","date_gmt":"2024-03-20T10:31:06","guid":{"rendered":"https:\/\/www.nadirtravel.com\/business_travel\/"},"modified":"2024-06-09T00:15:59","modified_gmt":"2024-06-08T22:15:59","slug":"gestion-de-viajes-de-negocios","status":"publish","type":"page","link":"https:\/\/www.nadirtravel.com\/es\/gestion-de-viajes-de-negocios\/","title":{"rendered":"Gesti\u00f3n de viajes de negocios"},"content":{"rendered":"<p>[et_pb_section fb_built=\u00bb1&#8243; module_class=\u00bbheader-section\u00bb _builder_version=\u00bb4.25.1&#8243; background_color=\u00bbrgba(51,84,152,0.45)\u00bb background_image=\u00bbhttps:\/\/www.nadirtravel.com\/wp-content\/uploads\/2024\/06\/briana-tozour-Yq2wUxLSzT8-unsplash-scaled.jpg\u00bb background_blend=\u00bbmultiply\u00bb z_index_tablet=\u00bb500&#8243; locked=\u00bboff\u00bb global_colors_info=\u00bb{}\u00bb][et_pb_row column_structure=\u00bb2_3,1_3&#8243; make_equal=\u00bbon\u00bb custom_padding_last_edited=\u00bbon|desktop\u00bb _builder_version=\u00bb4.16&#8243; background_size=\u00bbinitial\u00bb background_position=\u00bbtop_left\u00bb background_repeat=\u00bbrepeat\u00bb custom_padding=\u00bb15vh||9vh|\u00bb custom_padding_tablet=\u00bb12vh||5vh|\u00bb custom_padding_phone=\u00bb10vh||3vh|\u00bb z_index_tablet=\u00bb500&#8243; global_colors_info=\u00bb{}\u00bb][et_pb_column type=\u00bb2_3&#8243; _builder_version=\u00bb4.16&#8243; custom_padding=\u00bb|||\u00bb global_colors_info=\u00bb{}\u00bb custom_padding__hover=\u00bb|||\u00bb][et_pb_text _builder_version=\u00bb4.25.1&#8243; header_font=\u00bbDroid Serif||||||||\u00bb header_text_color=\u00bb#ffffff\u00bb header_font_size=\u00bb55px\u00bb header_line_height=\u00bb1.2em\u00bb header_font_size_tablet=\u00bb46px\u00bb header_font_size_phone=\u00bb38px\u00bb header_font_size_last_edited=\u00bbon|phone\u00bb z_index_tablet=\u00bb500&#8243; global_colors_info=\u00bb{}\u00bb]<\/p>\n<h1>Gesti\u00f3n de viajes de negocios<\/h1>\n<p>[\/et_pb_text][\/et_pb_column][et_pb_column type=\u00bb1_3&#8243; _builder_version=\u00bb4.16&#8243; custom_padding=\u00bb|||\u00bb custom_css_main_element=\u00bbmargin:auto;\u00bb global_colors_info=\u00bb{}\u00bb custom_padding__hover=\u00bb|||\u00bb][\/et_pb_column][\/et_pb_row][\/et_pb_section][et_pb_section fb_built=\u00bb1&#8243; _builder_version=\u00bb4.25.1&#8243; _module_preset=\u00bbdefault\u00bb locked=\u00bboff\u00bb global_colors_info=\u00bb{}\u00bb][et_pb_row column_structure=\u00bb1_2,1_2&#8243; _builder_version=\u00bb4.25.1&#8243; _module_preset=\u00bbdefault\u00bb global_colors_info=\u00bb{}\u00bb][et_pb_column type=\u00bb1_2&#8243; _builder_version=\u00bb4.25.1&#8243; _module_preset=\u00bbdefault\u00bb global_colors_info=\u00bb{}\u00bb][et_pb_text _builder_version=\u00bb4.25.1&#8243; _module_preset=\u00bbdefault\u00bb global_colors_info=\u00bb{}\u00bb]<\/p>\n<h2>Nuestra agencia tiene 40 a\u00f1os de experiencia en la gesti\u00f3n de viajes de negocios.<\/h2>\n<p>[\/et_pb_text][et_pb_divider divider_weight=\u00bb2px\u00bb _builder_version=\u00bb4.25.1&#8243; _module_preset=\u00bbdefault\u00bb max_width=\u00bb40%\u00bb module_alignment=\u00bbleft\u00bb global_colors_info=\u00bb{}\u00bb][\/et_pb_divider][et_pb_text _builder_version=\u00bb4.25.1&#8243; _module_preset=\u00bbdefault\u00bb text_font_size=\u00bb20px\u00bb global_colors_info=\u00bb{}\u00bb]<\/p>\n<p>Los viajes de negocios son un nuevo concepto de los llamados viajes de negocios, que incluye todo lo relacionado con la organizaci\u00f3n de un viaje de negocios en todos sus aspectos, desde el econ\u00f3mico hasta el organizativo-log\u00edstico.<\/p>\n<p>Los viajes de negocios representan un gasto importante para las empresas, tanto grandes como peque\u00f1as, muy a menudo se utilizan para visitar clientes, estipular nuevos contratos, mantenerse en contacto con proveedores o seguir la evoluci\u00f3n del sector, a trav\u00e9s de ferias, exposiciones, etc.<\/p>\n<p>[\/et_pb_text][\/et_pb_column][et_pb_column type=\u00bb1_2&#8243; _builder_version=\u00bb4.25.1&#8243; _module_preset=\u00bbdefault\u00bb global_colors_info=\u00bb{}\u00bb][et_pb_text _builder_version=\u00bb4.25.1&#8243; _module_preset=\u00bbdefault\u00bb background_enable_color=\u00bboff\u00bb background_image=\u00bbhttps:\/\/www.nadirtravel.com\/wp-content\/uploads\/2024\/06\/BUSINESS-TRAVEL-AIRPLANE-3.webp\u00bb background_enable_mask_style=\u00bbon\u00bb background_mask_style=\u00bbhoneycomb\u00bb background_mask_color=\u00bbrgba(255,255,255,0.5)\u00bb background_mask_transform=\u00bbinvert\u00bb background_mask_aspect_ratio=\u00bbportrait\u00bb background_mask_size=\u00bbcustom\u00bb background_mask_width=\u00bb100%\u00bb width=\u00bb400px\u00bb width_tablet=\u00bb450px\u00bb width_phone=\u00bb250px\u00bb width_last_edited=\u00bbon|phone\u00bb module_alignment=\u00bbcenter\u00bb min_height=\u00bb500px\u00bb min_height_tablet=\u00bb500px\u00bb min_height_phone=\u00bb500px\u00bb min_height_last_edited=\u00bbon|phone\u00bb height_tablet=\u00bb500px\u00bb height_phone=\u00bb300px\u00bb height_last_edited=\u00bbon|phone\u00bb module_alignment_tablet=\u00bbcenter\u00bb module_alignment_phone=\u00bbcenter\u00bb module_alignment_last_edited=\u00bbon|phone\u00bb border_radii=\u00bbon|25px|25px|25px|25px\u00bb border_width_all=\u00bb10px\u00bb border_color_all=\u00bb#e94935&#8243; box_shadow_style=\u00bbpreset2&#8243; locked=\u00bboff\u00bb global_colors_info=\u00bb{}\u00bb][\/et_pb_text][\/et_pb_column][\/et_pb_row][et_pb_row column_structure=\u00bb1_2,1_2&#8243; _builder_version=\u00bb4.25.1&#8243; _module_preset=\u00bbdefault\u00bb global_colors_info=\u00bb{}\u00bb][et_pb_column type=\u00bb1_2&#8243; _builder_version=\u00bb4.25.1&#8243; _module_preset=\u00bbdefault\u00bb global_colors_info=\u00bb{}\u00bb][et_pb_text _builder_version=\u00bb4.25.1&#8243; _module_preset=\u00bbdefault\u00bb background_enable_color=\u00bboff\u00bb background_image=\u00bbhttps:\/\/www.nadirtravel.com\/wp-content\/uploads\/2024\/06\/BUSINESS-WOMAN-1.webp\u00bb background_enable_mask_style=\u00bbon\u00bb background_mask_style=\u00bbhoneycomb\u00bb background_mask_color=\u00bbrgba(255,255,255,0.5)\u00bb background_mask_transform=\u00bbinvert\u00bb background_mask_aspect_ratio=\u00bbportrait\u00bb width=\u00bb400px\u00bb width_tablet=\u00bb450px\u00bb width_phone=\u00bb250px\u00bb width_last_edited=\u00bbon|phone\u00bb module_alignment=\u00bbcenter\u00bb min_height=\u00bb500px\u00bb min_height_tablet=\u00bb500px\u00bb min_height_phone=\u00bb500px\u00bb min_height_last_edited=\u00bbon|phone\u00bb height_tablet=\u00bb500px\u00bb height_phone=\u00bb300px\u00bb height_last_edited=\u00bbon|phone\u00bb module_alignment_tablet=\u00bbcenter\u00bb module_alignment_phone=\u00bbcenter\u00bb module_alignment_last_edited=\u00bbon|phone\u00bb border_radii=\u00bbon|25px|25px|25px|25px\u00bb border_width_all=\u00bb10px\u00bb border_color_all=\u00bb#e94935&#8243; box_shadow_style=\u00bbpreset2&#8243; box_shadow_horizontal=\u00bb-6px\u00bb locked=\u00bboff\u00bb global_colors_info=\u00bb{}\u00bb][\/et_pb_text][\/et_pb_column][et_pb_column type=\u00bb1_2&#8243; _builder_version=\u00bb4.25.1&#8243; _module_preset=\u00bbdefault\u00bb global_colors_info=\u00bb{}\u00bb][et_pb_divider divider_weight=\u00bb2px\u00bb _builder_version=\u00bb4.25.1&#8243; _module_preset=\u00bbdefault\u00bb max_width=\u00bb40%\u00bb module_alignment=\u00bbleft\u00bb global_colors_info=\u00bb{}\u00bb][\/et_pb_divider][et_pb_text _builder_version=\u00bb4.25.1&#8243; _module_preset=\u00bbdefault\u00bb text_font_size=\u00bb20px\u00bb global_colors_info=\u00bb{}\u00bb]<\/p>\n<p>Organizar un viaje de negocios significa permitir a nuestros clientes viajar con serenidad y el m\u00e1ximo confort sin tener que preocuparse por los horarios de salida y llegada, los servicios a los que tendr\u00e1n acceso durante el viaje, la organizaci\u00f3n del tiempo libre disponible y el control del presupuesto preestablecido.<\/p>\n<p>Nuestros expertos se encargar\u00e1n de todos los detalles de su viaje de negocios, permiti\u00e9ndole concentrarse completamente en el negocio y al mismo tiempo brindarle a su viaje de negocios momentos de placer y descubrimiento.<\/p>\n<p>Dile adi\u00f3s a todo el estr\u00e9s propio de los viajes de negocios y c\u00e9ntrate exclusivamente en lo que mejor sabes hacer, dej\u00e1ndonos el resto a nosotros.<\/p>\n<p>[\/et_pb_text][\/et_pb_column][\/et_pb_row][\/et_pb_section]<\/p>\n","protected":false},"excerpt":{"rendered":"<p>Gesti\u00f3n de viajes de negociosNuestra agencia tiene 40 a\u00f1os de experiencia en la gesti\u00f3n de viajes de negocios.Los viajes de negocios son un nuevo concepto de los llamados viajes de negocios, que incluye todo lo relacionado con la organizaci\u00f3n de un viaje de negocios en todos sus aspectos, desde el econ\u00f3mico hasta el organizativo-log\u00edstico. Los [&hellip;]<\/p>\n","protected":false},"author":1,"featured_media":0,"parent":0,"menu_order":0,"comment_status":"closed","ping_status":"closed","template":"","meta":{"_et_pb_use_builder":"on","_et_pb_old_content":"","_et_gb_content_width":"","footnotes":""},"class_list":["post-852","page","type-page","status-publish","hentry"],"_links":{"self":[{"href":"https:\/\/www.nadirtravel.com\/es\/wp-json\/wp\/v2\/pages\/852","targetHints":{"allow":["GET"]}}],"collection":[{"href":"https:\/\/www.nadirtravel.com\/es\/wp-json\/wp\/v2\/pages"}],"about":[{"href":"https:\/\/www.nadirtravel.com\/es\/wp-json\/wp\/v2\/types\/page"}],"author":[{"embeddable":true,"href":"https:\/\/www.nadirtravel.com\/es\/wp-json\/wp\/v2\/users\/1"}],"replies":[{"embeddable":true,"href":"https:\/\/www.nadirtravel.com\/es\/wp-json\/wp\/v2\/comments?post=852"}],"version-history":[{"count":0,"href":"https:\/\/www.nadirtravel.com\/es\/wp-json\/wp\/v2\/pages\/852\/revisions"}],"wp:attachment":[{"href":"https:\/\/www.nadirtravel.com\/es\/wp-json\/wp\/v2\/media?parent=852"}],"curies":[{"name":"wp","href":"https:\/\/api.w.org\/{rel}","templated":true}]}}