
{"id":721,"date":"2019-04-06T10:26:59","date_gmt":"2019-04-06T08:26:59","guid":{"rendered":"https:\/\/www.nadirtravel.com\/informazioni-su-nadir-travel\/"},"modified":"2024-07-14T22:21:39","modified_gmt":"2024-07-14T20:21:39","slug":"informazioni-su-nadir-travel","status":"publish","type":"page","link":"https:\/\/www.nadirtravel.com\/it\/informazioni-su-nadir-travel\/","title":{"rendered":"Informazioni su Nadir Travel"},"content":{"rendered":"<p>[et_pb_section fb_built=&#8221;1&#8243; module_class=&#8221;header-section&#8221; _builder_version=&#8221;4.25.1&#8243; background_color=&#8221;rgba(51,84,152,0.45)&#8221; background_image=&#8221;https:\/\/www.nadirtravel.com\/wp-content\/uploads\/2024\/04\/nadir-travel-heroshot.webp&#8221; background_blend=&#8221;multiply&#8221; z_index_tablet=&#8221;500&#8243; border_width_bottom=&#8221;10px&#8221; border_color_bottom=&#8221;#e94935&#8243; global_colors_info=&#8221;{}&#8221;][et_pb_row column_structure=&#8221;2_3,1_3&#8243; make_equal=&#8221;on&#8221; custom_padding_last_edited=&#8221;on|desktop&#8221; _builder_version=&#8221;4.16&#8243; background_size=&#8221;initial&#8221; background_position=&#8221;top_left&#8221; background_repeat=&#8221;repeat&#8221; custom_padding=&#8221;15vh||9vh|&#8221; custom_padding_tablet=&#8221;12vh||5vh|&#8221; custom_padding_phone=&#8221;10vh||3vh|&#8221; z_index_tablet=&#8221;500&#8243; global_colors_info=&#8221;{}&#8221;][et_pb_column type=&#8221;2_3&#8243; _builder_version=&#8221;4.16&#8243; custom_padding=&#8221;|||&#8221; global_colors_info=&#8221;{}&#8221; custom_padding__hover=&#8221;|||&#8221;][et_pb_text _builder_version=&#8221;4.16&#8243; header_font=&#8221;Droid Serif||||||||&#8221; header_text_color=&#8221;#ffffff&#8221; header_font_size=&#8221;55px&#8221; header_line_height=&#8221;1.2em&#8221; header_font_size_tablet=&#8221;46px&#8221; header_font_size_phone=&#8221;38px&#8221; header_font_size_last_edited=&#8221;on|phone&#8221; z_index_tablet=&#8221;500&#8243; global_colors_info=&#8221;{}&#8221;]<\/p>\n<h1>Chi siamo<\/h1>\n<p>[\/et_pb_text][\/et_pb_column][et_pb_column type=&#8221;1_3&#8243; _builder_version=&#8221;4.16&#8243; custom_padding=&#8221;|||&#8221; custom_css_main_element=&#8221;margin:auto;&#8221; global_colors_info=&#8221;{}&#8221; custom_padding__hover=&#8221;|||&#8221;][et_pb_text module_class=&#8221;header-crumbs&#8221; _builder_version=&#8221;4.16&#8243; text_text_color=&#8221;#ff6d6d&#8221; text_font_size=&#8221;25px&#8221; text_line_height=&#8221;1.3em&#8221; text_font_size_tablet=&#8221;22px&#8221; text_font_size_phone=&#8221;20px&#8221; text_font_size_last_edited=&#8221;on|phone&#8221; z_index_tablet=&#8221;500&#8243; global_colors_info=&#8221;{}&#8221;]<\/p>\n<p><a style=\"color: #ffffff;\" href=\"https:\/\/divitravelblog.divilife.site\/\">Home\/<\/a> Chi siamo<\/p>\n<p>[\/et_pb_text][\/et_pb_column][\/et_pb_row][\/et_pb_section][et_pb_section fb_built=&#8221;1&#8243; custom_padding_last_edited=&#8221;on|phone&#8221; _builder_version=&#8221;4.25.0&#8243; background_color=&#8221;#f5f6f7&#8243; custom_padding=&#8221;90px||2px||false|false&#8221; custom_padding_tablet=&#8221;70px||30px|&#8221; custom_padding_phone=&#8221;50px||30px|&#8221; z_index_tablet=&#8221;500&#8243; global_colors_info=&#8221;{}&#8221;][et_pb_row column_structure=&#8221;2_3,1_3&#8243; make_equal=&#8221;on&#8221; custom_padding_last_edited=&#8221;on|tablet&#8221; _builder_version=&#8221;4.16&#8243; background_size=&#8221;initial&#8221; background_position=&#8221;top_left&#8221; background_repeat=&#8221;repeat&#8221; custom_padding=&#8221;||20px|&#8221; custom_padding_tablet=&#8221;||0px|&#8221; custom_padding_phone=&#8221;&#8221; z_index_tablet=&#8221;500&#8243; global_colors_info=&#8221;{}&#8221;][et_pb_column type=&#8221;2_3&#8243; _builder_version=&#8221;4.16&#8243; custom_padding=&#8221;|||&#8221; global_colors_info=&#8221;{}&#8221; custom_padding__hover=&#8221;|||&#8221;][et_pb_text _builder_version=&#8221;4.24.2&#8243; text_font=&#8221;Nunito Sans||||||||&#8221; text_text_color=&#8221;#747489&#8243; header_2_font_size=&#8221;35px&#8221; header_2_line_height=&#8221;1.7em&#8221; custom_margin=&#8221;||30px|&#8221; custom_margin_tablet=&#8221;||0px|&#8221; custom_margin_phone=&#8221;&#8221; custom_margin_last_edited=&#8221;on|tablet&#8221; z_index_tablet=&#8221;500&#8243; global_colors_info=&#8221;{}&#8221;]<\/p>\n<h2>Informazioni su Nadir Travel &amp; Tour<\/h2>\n<p>Travel Nadir \u00e8 un&#8217;agenzia di viaggi con 40 anni di esperienza nel settore turistico, in tutti questi anni abbiamo selezionato con cura i migliori partner italiani e stranieri con il desiderio di offrire ai nostri clienti esperienze uniche e indimenticabili in tutto il mondo.<\/p>\n<p>La nostra agenzia \u00e8 specializzata in 3 settori principali:<\/p>\n<ol>\n<li style=\"list-style-type: none;\">\n<ol>\n<li style=\"list-style-type: none;\">\n<ol>\n<li><strong>Viaggi di lavoro.<\/strong><\/li>\n<li><strong>Lune di miele.<\/strong><\/li>\n<li><strong>Viaggi enogastronomici.<\/strong><\/li>\n<\/ol>\n<\/li>\n<\/ol>\n<\/li>\n<\/ol>\n<p>Siamo sempre stati guidati dal desiderio di far vivere ai nostri clienti momenti speciali che possano accompagnarli per tutta la vita. Per noi viaggiare significa crescere, imparare, divertirsi ma anche emozionarsi e scoprire il mondo con occhi sempre diversi.<\/p>\n<p>&nbsp;<\/p>\n<p>[\/et_pb_text][\/et_pb_column][et_pb_column type=&#8221;1_3&#8243; _builder_version=&#8221;4.16&#8243; custom_padding=&#8221;|||&#8221; custom_css_main_element=&#8221;margin:auto;&#8221; global_colors_info=&#8221;{}&#8221; custom_padding__hover=&#8221;|||&#8221;][et_pb_image src=&#8221;https:\/\/www.nadirtravel.com\/wp-content\/uploads\/2024\/03\/nadirtravel_logo.png&#8221; alt=&#8221;Nadir Viaggi e Tour&#8221; title_text=&#8221;Nadir Viaggi e Tour&#8221; _builder_version=&#8221;4.25.0&#8243; _module_preset=&#8221;default&#8221; background_color=&#8221;#FFFFFF&#8221; border_radii=&#8221;on|5px|5px|5px|5px&#8221; border_width_all=&#8221;3px&#8221; border_color_all=&#8221;#e94935&#8243; box_shadow_style=&#8221;preset1&#8243; global_colors_info=&#8221;{}&#8221;][\/et_pb_image][\/et_pb_column][\/et_pb_row][\/et_pb_section][et_pb_section fb_built=&#8221;1&#8243; custom_padding_last_edited=&#8221;on|phone&#8221; prev_background_color=&#8221;#f5f6f7&#8243; _builder_version=&#8221;4.25.0&#8243; background_color=&#8221;#ffffff&#8221; use_background_color_gradient=&#8221;on&#8221; background_color_gradient_stops=&#8221;rgba(255,255,255,0.61) 1%|rgba(255, 255, 255, 0.66) 22%|#ffffff 80%&#8221; background_color_gradient_overlays_image=&#8221;on&#8221; background_image=&#8221;https:\/\/www.nadirtravel.com\/wp-content\/uploads\/2024\/04\/nadir-travel-mission.webp&#8221; parallax=&#8221;on&#8221; custom_padding=&#8221;90px||2px||false|false&#8221; custom_padding_tablet=&#8221;70px||30px|&#8221; custom_padding_phone=&#8221;50px||30px|&#8221; top_divider_style=&#8221;arrow2&#8243; z_index_tablet=&#8221;500&#8243; global_colors_info=&#8221;{}&#8221;][et_pb_row column_structure=&#8221;1_3,2_3&#8243; make_equal=&#8221;on&#8221; custom_padding_last_edited=&#8221;on|tablet&#8221; _builder_version=&#8221;4.16&#8243; background_size=&#8221;initial&#8221; background_position=&#8221;top_left&#8221; background_repeat=&#8221;repeat&#8221; custom_padding=&#8221;||20px|&#8221; custom_padding_tablet=&#8221;||0px|&#8221; custom_padding_phone=&#8221;&#8221; z_index_tablet=&#8221;500&#8243; global_colors_info=&#8221;{}&#8221;][et_pb_column type=&#8221;1_3&#8243; _builder_version=&#8221;4.16&#8243; custom_padding=&#8221;|||&#8221; global_colors_info=&#8221;{}&#8221; custom_padding__hover=&#8221;|||&#8221;][et_pb_image src=&#8221;https:\/\/www.nadirtravel.com\/wp-content\/uploads\/2024\/04\/about-nadirtravel-02.jpg&#8221; alt=&#8221;Nadir Viaggi e Tour&#8221; title_text=&#8221;Informazioni su Nadir Travel&#8221; _builder_version=&#8221;4.25.0&#8243; _module_preset=&#8221;default&#8221; background_color=&#8221;#FFFFFF&#8221; border_radii=&#8221;on|5px|5px|5px|5px&#8221; border_width_all=&#8221;3px&#8221; border_color_all=&#8221;#e94935&#8243; box_shadow_style=&#8221;preset1&#8243; global_colors_info=&#8221;{}&#8221;][\/et_pb_image][\/et_pb_column][et_pb_column type=&#8221;2_3&#8243; _builder_version=&#8221;4.16&#8243; custom_padding=&#8221;|||&#8221; custom_css_main_element=&#8221;margin:auto;&#8221; global_colors_info=&#8221;{}&#8221; custom_padding__hover=&#8221;|||&#8221;][et_pb_text _builder_version=&#8221;4.24.2&#8243; text_font=&#8221;Nunito Sans||||||||&#8221; text_text_color=&#8221;#747489&#8243; header_2_font_size=&#8221;35px&#8221; header_2_line_height=&#8221;1.7em&#8221; custom_margin=&#8221;||30px|&#8221; custom_margin_tablet=&#8221;||0px|&#8221; custom_margin_phone=&#8221;&#8221; custom_margin_last_edited=&#8221;on|tablet&#8221; z_index_tablet=&#8221;500&#8243; global_colors_info=&#8221;{}&#8221;]<\/p>\n<h2>La nostra missione:<\/h2>\n<p>Il nostro obiettivo \u00e8 comprendere le passioni, gli interessi e le esigenze dei nostri clienti per garantire loro esperienze di viaggio uniche e fortemente personalizzate.<\/p>\n<p>Attribuiamo grande importanza al tempo libero dei nostri viaggiatori perch\u00e9 sappiamo che quei momenti sono tra i pi\u00f9 preziosi nella vita di ognuno, quindi la soddisfazione e la felicit\u00e0 dei nostri clienti sono la nostra massima priorit\u00e0.<\/p>\n<p>[\/et_pb_text][\/et_pb_column][\/et_pb_row][\/et_pb_section][et_pb_section fb_built=&#8221;1&#8243; prev_background_color=&#8221;#ffffff&#8221; _builder_version=&#8221;4.25.0&#8243; background_color=&#8221;#f5f6f7&#8243; top_divider_style=&#8221;arrow2&#8243; global_colors_info=&#8221;{}&#8221;][et_pb_row column_structure=&#8221;3_5,2_5&#8243; make_equal=&#8221;on&#8221; custom_padding_last_edited=&#8221;on|tablet&#8221; _builder_version=&#8221;4.16&#8243; background_size=&#8221;initial&#8221; background_position=&#8221;top_left&#8221; background_repeat=&#8221;repeat&#8221; custom_padding=&#8221;||20px|&#8221; custom_padding_tablet=&#8221;||0px|&#8221; custom_padding_phone=&#8221;&#8221; z_index_tablet=&#8221;500&#8243; global_colors_info=&#8221;{}&#8221;][et_pb_column type=&#8221;3_5&#8243; _builder_version=&#8221;4.16&#8243; custom_padding=&#8221;|||&#8221; global_colors_info=&#8221;{}&#8221; custom_padding__hover=&#8221;|||&#8221;][et_pb_text _builder_version=&#8221;4.16&#8243; text_font=&#8221;Nunito Sans||||||||&#8221; text_text_color=&#8221;#747489&#8243; header_2_font_size=&#8221;35px&#8221; header_2_line_height=&#8221;1.7em&#8221; custom_margin=&#8221;||30px|&#8221; custom_margin_tablet=&#8221;||0px|&#8221; custom_margin_phone=&#8221;&#8221; custom_margin_last_edited=&#8221;on|tablet&#8221; z_index_tablet=&#8221;500&#8243; global_colors_info=&#8221;{}&#8221;]<\/p>\n<h2 style=\"text-align: center;\">Il nostro team<\/h2>\n<p>[\/et_pb_text][\/et_pb_column][et_pb_column type=&#8221;2_5&#8243; _builder_version=&#8221;4.16&#8243; custom_padding=&#8221;|||&#8221; custom_css_main_element=&#8221;margin:auto;&#8221; global_colors_info=&#8221;{}&#8221; custom_padding__hover=&#8221;|||&#8221;][\/et_pb_column][\/et_pb_row][et_pb_row column_structure=&#8221;1_2,1_2&#8243; make_equal=&#8221;on&#8221; _builder_version=&#8221;4.16&#8243; width=&#8221;80.4%&#8221; z_index_tablet=&#8221;500&#8243; global_colors_info=&#8221;{}&#8221;][et_pb_column type=&#8221;1_2&#8243; _builder_version=&#8221;4.16&#8243; custom_padding=&#8221;|||&#8221; global_colors_info=&#8221;{}&#8221; custom_padding__hover=&#8221;|||&#8221;][et_pb_image src=&#8221;https:\/\/www.nadirtravel.com\/wp-content\/uploads\/2024\/04\/Gabriella-Orioli-scaled.jpg&#8221; alt=&#8221;Gabriella Orioli, Fondatrice Nadir Travel&#8221; title_text=&#8221;Gabriella Orioli&#8221; force_fullwidth=&#8221;on&#8221; align_tablet=&#8221;center&#8221; align_phone=&#8221;center&#8221; align_last_edited=&#8221;on|desktop&#8221; _builder_version=&#8221;4.25.0&#8243; background_color=&#8221;#d2d2d2&#8243; custom_padding=&#8221;1px|||||&#8221; filter_opacity=&#8221;80%&#8221; z_index_tablet=&#8221;500&#8243; border_radii=&#8221;on|5px|5px|5px|5px&#8221; border_width_all=&#8221;3px&#8221; border_color_all=&#8221;gcid-primary-color&#8221; box_shadow_style=&#8221;preset1&#8243; global_colors_info=&#8221;{%22gcid-primary-color%22:%91%22border_color_all%22%93}&#8221;][\/et_pb_image][\/et_pb_column][et_pb_column type=&#8221;1_2&#8243; _builder_version=&#8221;4.16&#8243; custom_padding=&#8221;|||&#8221; custom_css_main_element=&#8221;margin:auto;&#8221; global_colors_info=&#8221;{}&#8221; custom_padding__hover=&#8221;|||&#8221;][et_pb_text _builder_version=&#8221;4.26.0&#8243; text_font=&#8221;Nunito Sans||||||||&#8221; text_text_color=&#8221;#747489&#8243; header_2_text_align=&#8221;left&#8221; header_2_font_size=&#8221;35px&#8221; header_2_line_height=&#8221;1.7em&#8221; text_orientation=&#8221;justified&#8221; max_width=&#8221;85%&#8221; max_width_tablet=&#8221;100%&#8221; max_width_phone=&#8221;&#8221; max_width_last_edited=&#8221;on|desktop&#8221; custom_margin=&#8221;||40px|&#8221; hover_enabled=&#8221;0&#8243; header_2_font_size_tablet=&#8221;30px&#8221; header_2_font_size_phone=&#8221;28px&#8221; header_2_font_size_last_edited=&#8221;on|phone&#8221; z_index_tablet=&#8221;500&#8243; global_colors_info=&#8221;{}&#8221; sticky_enabled=&#8221;0&#8243;]<\/p>\n<h2>Gabriella Orioli<\/h2>\n<p>Son la fondatrice e la proprietaria di Travel Nadir. Dopo pi\u00f9 di 15 anni vissuti all&#8217;estero tra Francia, Nord America, Sud America e Africa lavorando per importanti multinazionali del settore turistico, nel 1983 ho deciso di aprire la mia azienda. Viaggiare spesso apre nuove prospettive, amplia gli orizzonti e crea ricordi duraturi.<\/p>\n<p>Che si tratti di esplorare nuove culture, provare cucine diverse o semplicemente sperimentare la bellezza della natura, i viaggi hanno un modo unico di arricchire le nostre vite. Viaggiare \u00e8 la mia vita e dal 1983 condivido la mia passione ogni singolo giorno con il mio team e con i nostri clienti.<\/p>\n<p>[\/et_pb_text][\/et_pb_column][\/et_pb_row][et_pb_row column_structure=&#8221;1_2,1_2&#8243; make_equal=&#8221;on&#8221; _builder_version=&#8221;4.16&#8243; width=&#8221;80.4%&#8221; z_index_tablet=&#8221;500&#8243; global_colors_info=&#8221;{}&#8221;][et_pb_column type=&#8221;1_2&#8243; _builder_version=&#8221;4.16&#8243; custom_padding=&#8221;|||&#8221; global_colors_info=&#8221;{}&#8221; custom_padding__hover=&#8221;|||&#8221;][et_pb_image src=&#8221;https:\/\/www.nadirtravel.com\/wp-content\/uploads\/2024\/04\/Leonardo-Rotondo-scaled.jpg&#8221; alt=&#8221;Massimiliano Rotondo&#8221; title_text=&#8221;Leonardo Rotondo&#8221; force_fullwidth=&#8221;on&#8221; align_tablet=&#8221;center&#8221; align_phone=&#8221;center&#8221; align_last_edited=&#8221;on|desktop&#8221; _builder_version=&#8221;4.25.0&#8243; background_color=&#8221;#d2d2d2&#8243; custom_padding=&#8221;1px|||||&#8221; filter_opacity=&#8221;80%&#8221; z_index_tablet=&#8221;500&#8243; border_radii=&#8221;on|5px|5px|5px|5px&#8221; border_width_all=&#8221;3px&#8221; border_color_all=&#8221;gcid-primary-color&#8221; box_shadow_style=&#8221;preset1&#8243; global_colors_info=&#8221;{%22gcid-primary-color%22:%91%22border_color_all%22%93}&#8221;][\/et_pb_image][\/et_pb_column][et_pb_column type=&#8221;1_2&#8243; _builder_version=&#8221;4.16&#8243; custom_padding=&#8221;|||&#8221; custom_css_main_element=&#8221;margin:auto;&#8221; global_colors_info=&#8221;{}&#8221; custom_padding__hover=&#8221;|||&#8221;][et_pb_text _builder_version=&#8221;4.26.0&#8243; text_font=&#8221;Nunito Sans||||||||&#8221; text_text_color=&#8221;#747489&#8243; header_2_text_align=&#8221;left&#8221; header_2_font_size=&#8221;35px&#8221; header_2_line_height=&#8221;1.7em&#8221; text_orientation=&#8221;justified&#8221; max_width=&#8221;85%&#8221; max_width_tablet=&#8221;100%&#8221; max_width_phone=&#8221;&#8221; max_width_last_edited=&#8221;on|desktop&#8221; custom_margin=&#8221;||40px|&#8221; hover_enabled=&#8221;0&#8243; header_2_font_size_tablet=&#8221;30px&#8221; header_2_font_size_phone=&#8221;28px&#8221; header_2_font_size_last_edited=&#8221;on|phone&#8221; z_index_tablet=&#8221;500&#8243; global_colors_info=&#8221;{}&#8221; sticky_enabled=&#8221;0&#8243;]<\/p>\n<h2>Leonardo Rotondo<\/h2>\n<p>Mi chiamo Leonardo Rotondo, CEO e co-proprietario di Travel Nadir.<br \/>Dopo 25 anni di lavoro nel settore assicurativo per una delle principali compagnie di assicurazione in Europa, nel 1983 ho deciso di raggiungere mia moglie Gabriella (fondatrice e proprietaria di Travel Nadir) e di iniziare con lei un capitolo completamente diverso della mia vita.<\/p>\n<p>Lasciare l&#8217;industria in cui avevo lavorato con successo per pi\u00f9 di 20 anni e ricominciare da zero in un settore che non conoscevo \u00e8 stato un passo difficile da compiere, ma si \u00e8 rivelata la miglior decisione che potessi mai prendere.<\/p>\n<p>Il mio compito principale \u00e8 quello di supervisionare la direzione strategica e le operazioni commerciali dell&#8217;azienda, assicurando che Travel Nadir offra servizi di alto livello e viaggi indimenticabili ai suoi clienti.<\/p>\n<p>[\/et_pb_text][\/et_pb_column][\/et_pb_row][et_pb_row column_structure=&#8221;1_2,1_2&#8243; make_equal=&#8221;on&#8221; _builder_version=&#8221;4.16&#8243; width=&#8221;80.4%&#8221; z_index_tablet=&#8221;500&#8243; global_colors_info=&#8221;{}&#8221;][et_pb_column type=&#8221;1_2&#8243; _builder_version=&#8221;4.16&#8243; custom_padding=&#8221;|||&#8221; global_colors_info=&#8221;{}&#8221; custom_padding__hover=&#8221;|||&#8221;][et_pb_image src=&#8221;https:\/\/www.nadirtravel.com\/wp-content\/uploads\/2024\/04\/massimiliano-rotondo.jpg&#8221; alt=&#8221;Massimiliano Rotondo&#8221; title_text=&#8221;Massimiliano Rotondo&#8221; force_fullwidth=&#8221;on&#8221; align_tablet=&#8221;center&#8221; align_phone=&#8221;center&#8221; align_last_edited=&#8221;on|desktop&#8221; _builder_version=&#8221;4.24.2&#8243; background_color=&#8221;#d2d2d2&#8243; custom_padding=&#8221;1px|||||&#8221; filter_opacity=&#8221;80%&#8221; border_radii=&#8221;on|5px|5px|5px|5px&#8221; border_width_all=&#8221;3px&#8221; border_color_all=&#8221;gcid-primary-color&#8221; box_shadow_style=&#8221;preset1&#8243; global_colors_info=&#8221;{%22gcid-primary-color%22:%91%22border_color_all%22%93}&#8221;][\/et_pb_image][\/et_pb_column][et_pb_column type=&#8221;1_2&#8243; _builder_version=&#8221;4.16&#8243; custom_padding=&#8221;|||&#8221; custom_css_main_element=&#8221;margin:auto;&#8221; global_colors_info=&#8221;{}&#8221; custom_padding__hover=&#8221;|||&#8221;][et_pb_text _builder_version=&#8221;4.24.2&#8243; text_font=&#8221;Nunito Sans||||||||&#8221; text_text_color=&#8221;#747489&#8243; header_2_text_align=&#8221;left&#8221; header_2_font_size=&#8221;35px&#8221; header_2_line_height=&#8221;1.7em&#8221; text_orientation=&#8221;justified&#8221; max_width=&#8221;85%&#8221; max_width_tablet=&#8221;100%&#8221; max_width_phone=&#8221;&#8221; max_width_last_edited=&#8221;on|desktop&#8221; custom_margin=&#8221;||40px|&#8221; header_2_font_size_tablet=&#8221;30px&#8221; header_2_font_size_phone=&#8221;28px&#8221; header_2_font_size_last_edited=&#8221;on|phone&#8221; z_index_tablet=&#8221;500&#8243; global_colors_info=&#8221;{}&#8221;]<\/p>\n<h2>Massimiliano Rotondo<\/h2>\n<p>Sono il Business Development &amp; Partnership Manager di Travel Nadir, specializzato nella creazione di partnership commerciali strategiche, nell&#8217;espansione della rete commerciale di Travel Nadir e nell&#8217;aprire la strada ad avventure senza precedenti.<\/p>\n<p>Aver vissuto in diversi paesi mi ha dato l&#8217;opportunit\u00e0 di sviluppare un profondo apprezzamento per le diverse culture e un&#8217;acuta comprensione dei mercati globali.<\/p>\n<p>La mia passione per i viaggi non \u00e8 solo un hobby, ma \u00e8 la forza trainante dei miei sforzi professionali.<\/p>\n<p>Al di l\u00e0 della sala riunioni, mi troverai spesso a esplorare nuove destinazioni, a immergermi nelle usanze locali e a cercare gemme nascoste fuori dai sentieri battuti.<\/p>\n<p>[\/et_pb_text][et_pb_button button_url=&#8221;https:\/\/www.linkedin.com\/in\/rotondomassimiliano\/&#8221; button_text=&#8221;Il mio LinkedIn&#8221; _builder_version=&#8221;4.24.2&#8243; custom_button=&#8221;on&#8221; button_bg_color=&#8221;#ff6d6d&#8221; button_border_color=&#8221;#ff6d6d&#8221; button_border_radius=&#8221;1px&#8221; button_font=&#8221;||||||||&#8221; button_icon=&#8221;&#x35;||divi||400&#8243; button_icon_color=&#8221;#ffffff&#8221; background_layout=&#8221;dark&#8221; custom_padding=&#8221;8px|30px|8px|30px|true|true&#8221; z_index_tablet=&#8221;500&#8243; box_shadow_style=&#8221;preset2&#8243; box_shadow_horizontal=&#8221;3px&#8221; box_shadow_color=&#8221;rgba(255,109,109,0.5)&#8221; global_colors_info=&#8221;{}&#8221;][\/et_pb_button][\/et_pb_column][\/et_pb_row][\/et_pb_section]<\/p>\n","protected":false},"excerpt":{"rendered":"<p>Chi siamo Home\/ Chi siamo Informazioni su Nadir Travel &amp; Tour Travel Nadir \u00e8 un&#8217;agenzia di viaggi con 40 anni di esperienza nel settore turistico, in tutti questi anni abbiamo selezionato con cura i migliori partner italiani e stranieri con il desiderio di offrire ai nostri clienti esperienze uniche e indimenticabili in tutto il mondo. [&hellip;]<\/p>\n","protected":false},"author":1,"featured_media":0,"parent":0,"menu_order":0,"comment_status":"closed","ping_status":"closed","template":"","meta":{"_et_pb_use_builder":"on","_et_pb_old_content":"","_et_gb_content_width":"","footnotes":""},"class_list":["post-721","page","type-page","status-publish","hentry"],"_links":{"self":[{"href":"https:\/\/www.nadirtravel.com\/it\/wp-json\/wp\/v2\/pages\/721","targetHints":{"allow":["GET"]}}],"collection":[{"href":"https:\/\/www.nadirtravel.com\/it\/wp-json\/wp\/v2\/pages"}],"about":[{"href":"https:\/\/www.nadirtravel.com\/it\/wp-json\/wp\/v2\/types\/page"}],"author":[{"embeddable":true,"href":"https:\/\/www.nadirtravel.com\/it\/wp-json\/wp\/v2\/users\/1"}],"replies":[{"embeddable":true,"href":"https:\/\/www.nadirtravel.com\/it\/wp-json\/wp\/v2\/comments?post=721"}],"version-history":[{"count":0,"href":"https:\/\/www.nadirtravel.com\/it\/wp-json\/wp\/v2\/pages\/721\/revisions"}],"wp:attachment":[{"href":"https:\/\/www.nadirtravel.com\/it\/wp-json\/wp\/v2\/media?parent=721"}],"curies":[{"name":"wp","href":"https:\/\/api.w.org\/{rel}","templated":true}]}}