
{"id":749,"date":"2024-03-29T16:12:27","date_gmt":"2024-03-29T15:12:27","guid":{"rendered":"https:\/\/www.nadirtravel.com\/culinary_tours\/"},"modified":"2024-06-09T15:25:31","modified_gmt":"2024-06-09T13:25:31","slug":"esperienze-enogastronomiche","status":"publish","type":"page","link":"https:\/\/www.nadirtravel.com\/it\/esperienze-enogastronomiche\/","title":{"rendered":"Esperienze Enogastronomiche"},"content":{"rendered":"<p>[et_pb_section fb_built=&#8221;1&#8243; module_class=&#8221;header-section&#8221; _builder_version=&#8221;4.25.1&#8243; background_color=&#8221;rgba(51,84,152,0.45)&#8221; background_image=&#8221;https:\/\/www.nadirtravel.com\/wp-content\/uploads\/2024\/06\/erik-dungan-MQyCrJVFG8U-unsplash-scaled.jpg&#8221; background_blend=&#8221;multiply&#8221; z_index_tablet=&#8221;500&#8243; locked=&#8221;off&#8221; global_colors_info=&#8221;{}&#8221;][et_pb_row column_structure=&#8221;2_3,1_3&#8243; make_equal=&#8221;on&#8221; custom_padding_last_edited=&#8221;on|desktop&#8221; _builder_version=&#8221;4.16&#8243; background_size=&#8221;initial&#8221; background_position=&#8221;top_left&#8221; background_repeat=&#8221;repeat&#8221; custom_padding=&#8221;15vh||9vh|&#8221; custom_padding_tablet=&#8221;12vh||5vh|&#8221; custom_padding_phone=&#8221;10vh||3vh|&#8221; z_index_tablet=&#8221;500&#8243; global_colors_info=&#8221;{}&#8221;][et_pb_column type=&#8221;2_3&#8243; _builder_version=&#8221;4.16&#8243; custom_padding=&#8221;|||&#8221; global_colors_info=&#8221;{}&#8221; custom_padding__hover=&#8221;|||&#8221;][et_pb_text _builder_version=&#8221;4.25.1&#8243; header_font=&#8221;Droid Serif||||||||&#8221; header_text_color=&#8221;#ffffff&#8221; header_font_size=&#8221;55px&#8221; header_line_height=&#8221;1.2em&#8221; header_font_size_tablet=&#8221;46px&#8221; header_font_size_phone=&#8221;38px&#8221; header_font_size_last_edited=&#8221;on|phone&#8221; z_index_tablet=&#8221;500&#8243; global_colors_info=&#8221;{}&#8221;]<\/p>\n<h1>Esperienze Enogastronomiche<\/h1>\n<p>[\/et_pb_text][\/et_pb_column][et_pb_column type=&#8221;1_3&#8243; _builder_version=&#8221;4.16&#8243; custom_padding=&#8221;|||&#8221; custom_css_main_element=&#8221;margin:auto;&#8221; global_colors_info=&#8221;{}&#8221; custom_padding__hover=&#8221;|||&#8221;][\/et_pb_column][\/et_pb_row][\/et_pb_section][et_pb_section fb_built=&#8221;1&#8243; _builder_version=&#8221;4.25.1&#8243; _module_preset=&#8221;default&#8221; locked=&#8221;off&#8221; global_colors_info=&#8221;{}&#8221;][et_pb_row column_structure=&#8221;1_2,1_2&#8243; _builder_version=&#8221;4.25.1&#8243; _module_preset=&#8221;default&#8221; global_colors_info=&#8221;{}&#8221;][et_pb_column type=&#8221;1_2&#8243; _builder_version=&#8221;4.25.1&#8243; _module_preset=&#8221;default&#8221; global_colors_info=&#8221;{}&#8221;][et_pb_text _builder_version=&#8221;4.25.1&#8243; _module_preset=&#8221;default&#8221; global_colors_info=&#8221;{}&#8221;]<\/p>\n<h2>L\u2019enogastronomia \u00e8 cultura, connessione tra turista e territorio<\/h2>\n<p>[\/et_pb_text][et_pb_divider divider_weight=&#8221;2px&#8221; _builder_version=&#8221;4.25.1&#8243; _module_preset=&#8221;default&#8221; max_width=&#8221;40%&#8221; module_alignment=&#8221;left&#8221; global_colors_info=&#8221;{}&#8221;][\/et_pb_divider][et_pb_text _builder_version=&#8221;4.25.1&#8243; _module_preset=&#8221;default&#8221; text_font_size=&#8221;20px&#8221; global_colors_info=&#8221;{}&#8221;]<\/p>\n<p>La cultura enogastronomica \u00e8 parte integrante di quella pi\u00f9 ampiamente intesa. Il cibo e il vino sono espressioni di un territorio, della gente che vi vive e delle sue tradizioni e sono al contempo elementi di identificazione e di differenziazione rispetto agli altri.<\/p>\n<p>Essi, infatti, non sono solo elementi alla base del sostentamento dell\u2019individuo, ma rappresentano anche strumenti di trasformazione culturale e antropologica.<\/p>\n<p>[\/et_pb_text][\/et_pb_column][et_pb_column type=&#8221;1_2&#8243; _builder_version=&#8221;4.25.1&#8243; _module_preset=&#8221;default&#8221; global_colors_info=&#8221;{}&#8221;][et_pb_text _builder_version=&#8221;4.25.1&#8243; _module_preset=&#8221;default&#8221; background_enable_color=&#8221;off&#8221; background_image=&#8221;https:\/\/www.nadirtravel.com\/wp-content\/uploads\/2024\/06\/Wine-Food-Experiences-2-1.webp&#8221; background_enable_mask_style=&#8221;on&#8221; background_mask_style=&#8221;honeycomb&#8221; background_mask_color=&#8221;rgba(255,255,255,0.5)&#8221; background_mask_transform=&#8221;invert&#8221; background_mask_aspect_ratio=&#8221;portrait&#8221; background_mask_size=&#8221;custom&#8221; background_mask_width=&#8221;100%&#8221; width=&#8221;400px&#8221; width_tablet=&#8221;450px&#8221; width_phone=&#8221;250px&#8221; width_last_edited=&#8221;on|phone&#8221; module_alignment=&#8221;center&#8221; min_height=&#8221;500px&#8221; min_height_tablet=&#8221;500px&#8221; min_height_phone=&#8221;500px&#8221; min_height_last_edited=&#8221;on|phone&#8221; height_tablet=&#8221;500px&#8221; height_phone=&#8221;300px&#8221; height_last_edited=&#8221;on|phone&#8221; module_alignment_tablet=&#8221;center&#8221; module_alignment_phone=&#8221;center&#8221; module_alignment_last_edited=&#8221;on|phone&#8221; border_radii=&#8221;on|25px|25px|25px|25px&#8221; border_width_all=&#8221;10px&#8221; border_color_all=&#8221;#e94935&#8243; box_shadow_style=&#8221;preset2&#8243; locked=&#8221;off&#8221; global_colors_info=&#8221;{}&#8221;][\/et_pb_text][\/et_pb_column][\/et_pb_row][et_pb_row column_structure=&#8221;1_2,1_2&#8243; _builder_version=&#8221;4.25.1&#8243; _module_preset=&#8221;default&#8221; custom_padding=&#8221;24px|||||&#8221; global_colors_info=&#8221;{}&#8221;][et_pb_column type=&#8221;1_2&#8243; _builder_version=&#8221;4.25.1&#8243; _module_preset=&#8221;default&#8221; global_colors_info=&#8221;{}&#8221;][et_pb_text _builder_version=&#8221;4.25.1&#8243; _module_preset=&#8221;default&#8221; background_enable_color=&#8221;off&#8221; background_image=&#8221;https:\/\/www.nadirtravel.com\/wp-content\/uploads\/2024\/06\/Wine-Food-Experiences-3-1.webp&#8221; background_enable_mask_style=&#8221;on&#8221; background_mask_style=&#8221;square-stripes&#8221; background_mask_color=&#8221;rgba(255,255,255,0.5)&#8221; background_mask_transform=&#8221;invert&#8221; background_mask_aspect_ratio=&#8221;portrait&#8221; background_mask_size=&#8221;custom&#8221; background_mask_width=&#8221;100%&#8221; width=&#8221;400px&#8221; width_tablet=&#8221;450px&#8221; width_phone=&#8221;250px&#8221; width_last_edited=&#8221;on|phone&#8221; module_alignment=&#8221;center&#8221; min_height=&#8221;500px&#8221; min_height_tablet=&#8221;500px&#8221; min_height_phone=&#8221;500px&#8221; min_height_last_edited=&#8221;on|phone&#8221; height_tablet=&#8221;500px&#8221; height_phone=&#8221;300px&#8221; height_last_edited=&#8221;on|phone&#8221; module_alignment_tablet=&#8221;center&#8221; module_alignment_phone=&#8221;center&#8221; module_alignment_last_edited=&#8221;on|phone&#8221; border_radii=&#8221;on|25px|25px|25px|25px&#8221; border_width_all=&#8221;10px&#8221; border_color_all=&#8221;#e94935&#8243; box_shadow_style=&#8221;preset2&#8243; box_shadow_horizontal=&#8221;-6px&#8221; locked=&#8221;off&#8221; global_colors_info=&#8221;{}&#8221;][\/et_pb_text][\/et_pb_column][et_pb_column type=&#8221;1_2&#8243; _builder_version=&#8221;4.25.1&#8243; _module_preset=&#8221;default&#8221; global_colors_info=&#8221;{}&#8221;][et_pb_divider divider_weight=&#8221;2px&#8221; _builder_version=&#8221;4.25.1&#8243; _module_preset=&#8221;default&#8221; max_width=&#8221;40%&#8221; module_alignment=&#8221;left&#8221; global_colors_info=&#8221;{}&#8221;][\/et_pb_divider][et_pb_text _builder_version=&#8221;4.25.1&#8243; _module_preset=&#8221;default&#8221; text_font_size=&#8221;20px&#8221; global_colors_info=&#8221;{}&#8221;]<\/p>\n<p>La stessa Organizzazione Mondiale del Turismo ha riconosciuto il turismo enogastronomico come parte del turismo culturale.<\/p>\n<p>L\u2019Italia \u00e8 senza dubbio una delle patrie mondiali di questo tipo di turismo grazie alla vastit\u00e0 e all\u2019eccellenza dei suoi prodotti enogastronomici che noi vogliamo farvi scoprire con esperienze che rimarranno per sempre nella vostra memoria.<\/p>\n<p>[\/et_pb_text][\/et_pb_column][\/et_pb_row][\/et_pb_section]<\/p>\n","protected":false},"excerpt":{"rendered":"<p>Esperienze EnogastronomicheL\u2019enogastronomia \u00e8 cultura, connessione tra turista e territorioLa cultura enogastronomica \u00e8 parte integrante di quella pi\u00f9 ampiamente intesa. Il cibo e il vino sono espressioni di un territorio, della gente che vi vive e delle sue tradizioni e sono al contempo elementi di identificazione e di differenziazione rispetto agli altri. Essi, infatti, non sono [&hellip;]<\/p>\n","protected":false},"author":1,"featured_media":0,"parent":0,"menu_order":0,"comment_status":"closed","ping_status":"closed","template":"","meta":{"_et_pb_use_builder":"on","_et_pb_old_content":"<!-- wp:divi\/placeholder \/-->","_et_gb_content_width":"","footnotes":""},"class_list":["post-749","page","type-page","status-publish","hentry"],"_links":{"self":[{"href":"https:\/\/www.nadirtravel.com\/it\/wp-json\/wp\/v2\/pages\/749","targetHints":{"allow":["GET"]}}],"collection":[{"href":"https:\/\/www.nadirtravel.com\/it\/wp-json\/wp\/v2\/pages"}],"about":[{"href":"https:\/\/www.nadirtravel.com\/it\/wp-json\/wp\/v2\/types\/page"}],"author":[{"embeddable":true,"href":"https:\/\/www.nadirtravel.com\/it\/wp-json\/wp\/v2\/users\/1"}],"replies":[{"embeddable":true,"href":"https:\/\/www.nadirtravel.com\/it\/wp-json\/wp\/v2\/comments?post=749"}],"version-history":[{"count":0,"href":"https:\/\/www.nadirtravel.com\/it\/wp-json\/wp\/v2\/pages\/749\/revisions"}],"wp:attachment":[{"href":"https:\/\/www.nadirtravel.com\/it\/wp-json\/wp\/v2\/media?parent=749"}],"curies":[{"name":"wp","href":"https:\/\/api.w.org\/{rel}","templated":true}]}}