
{"id":764,"date":"2019-04-06T10:26:59","date_gmt":"2019-04-06T08:26:59","guid":{"rendered":"https:\/\/www.nadirtravel.com\/about_nadir_travel\/"},"modified":"2024-06-05T07:52:33","modified_gmt":"2024-06-05T05:52:33","slug":"sobre-nos-nadir-viagens","status":"publish","type":"page","link":"https:\/\/www.nadirtravel.com\/pt-br\/sobre-nos-nadir-viagens\/","title":{"rendered":"Sobre n\u00f3s Nadir Viagens"},"content":{"rendered":"<p>[et_pb_section fb_built=&#8221;1&#8243; module_class=&#8221;header-section&#8221; _builder_version=&#8221;4.25.0&#8243; background_color=&#8221;rgba(51,84,152,0.45)&#8221; background_image=&#8221;https:\/\/www.nadirtravel.com\/wp-content\/uploads\/2024\/04\/nadir-travel-heroshot.webp&#8221; background_blend=&#8221;multiply&#8221; z_index_tablet=&#8221;500&#8243; locked=&#8221;off&#8221; global_colors_info=&#8221;{}&#8221;][et_pb_row column_structure=&#8221;2_3,1_3&#8243; make_equal=&#8221;on&#8221; custom_padding_last_edited=&#8221;on|desktop&#8221; _builder_version=&#8221;4.16&#8243; background_size=&#8221;initial&#8221; background_position=&#8221;top_left&#8221; background_repeat=&#8221;repeat&#8221; custom_padding=&#8221;15vh||9vh|&#8221; custom_padding_tablet=&#8221;12vh||5vh|&#8221; custom_padding_phone=&#8221;10vh||3vh|&#8221; z_index_tablet=&#8221;500&#8243; global_colors_info=&#8221;{}&#8221;][et_pb_column type=&#8221;2_3&#8243; _builder_version=&#8221;4.16&#8243; custom_padding=&#8221;|||&#8221; global_colors_info=&#8221;{}&#8221; custom_padding__hover=&#8221;|||&#8221;][et_pb_text _builder_version=&#8221;4.25.1&#8243; header_font=&#8221;Droid Serif||||||||&#8221; header_text_color=&#8221;#ffffff&#8221; header_font_size=&#8221;55px&#8221; header_line_height=&#8221;1.2em&#8221; hover_enabled=&#8221;0&#8243; header_font_size_tablet=&#8221;46px&#8221; header_font_size_phone=&#8221;38px&#8221; header_font_size_last_edited=&#8221;on|phone&#8221; z_index_tablet=&#8221;500&#8243; global_colors_info=&#8221;{}&#8221; sticky_enabled=&#8221;0&#8243;]<\/p>\n<h1>Sobre Nos<\/h1>\n<p>[\/et_pb_text][\/et_pb_column][et_pb_column type=&#8221;1_3&#8243; _builder_version=&#8221;4.16&#8243; custom_padding=&#8221;|||&#8221; custom_css_main_element=&#8221;margin:auto;&#8221; global_colors_info=&#8221;{}&#8221; custom_padding__hover=&#8221;|||&#8221;][et_pb_text module_class=&#8221;header-crumbs&#8221; _builder_version=&#8221;4.25.1&#8243; text_text_color=&#8221;#ff6d6d&#8221; text_font_size=&#8221;25px&#8221; text_line_height=&#8221;1.3em&#8221; text_font_size_tablet=&#8221;22px&#8221; text_font_size_phone=&#8221;20px&#8221; text_font_size_last_edited=&#8221;on|phone&#8221; z_index_tablet=&#8221;500&#8243; global_colors_info=&#8221;{}&#8221;]<\/p>\n<p><a style=\"color: #ffffff;\" href=\"https:\/\/divitravelblog.divilife.site\/\">In\u00edcio\/<\/a> Sobre n\u00f3s<\/p>\n<p>[\/et_pb_text][\/et_pb_column][\/et_pb_row][\/et_pb_section][et_pb_section fb_built=&#8221;1&#8243; custom_padding_last_edited=&#8221;on|phone&#8221; _builder_version=&#8221;4.25.0&#8243; background_color=&#8221;#f5f6f7&#8243; custom_padding=&#8221;90px||2px||false|false&#8221; custom_padding_tablet=&#8221;70px||30px|&#8221; custom_padding_phone=&#8221;50px||30px|&#8221; z_index_tablet=&#8221;500&#8243; locked=&#8221;off&#8221; global_colors_info=&#8221;{}&#8221;][et_pb_row column_structure=&#8221;2_3,1_3&#8243; make_equal=&#8221;on&#8221; custom_padding_last_edited=&#8221;on|tablet&#8221; _builder_version=&#8221;4.16&#8243; background_size=&#8221;initial&#8221; background_position=&#8221;top_left&#8221; background_repeat=&#8221;repeat&#8221; custom_padding=&#8221;||20px|&#8221; custom_padding_tablet=&#8221;||0px|&#8221; custom_padding_phone=&#8221;&#8221; z_index_tablet=&#8221;500&#8243; global_colors_info=&#8221;{}&#8221;][et_pb_column type=&#8221;2_3&#8243; _builder_version=&#8221;4.16&#8243; custom_padding=&#8221;|||&#8221; global_colors_info=&#8221;{}&#8221; custom_padding__hover=&#8221;|||&#8221;][et_pb_text _builder_version=&#8221;4.25.1&#8243; text_font=&#8221;Nunito Sans||||||||&#8221; text_text_color=&#8221;#747489&#8243; header_2_font_size=&#8221;35px&#8221; header_2_line_height=&#8221;1.7em&#8221; custom_margin=&#8221;||30px|&#8221; custom_margin_tablet=&#8221;||0px|&#8221; custom_margin_phone=&#8221;&#8221; custom_margin_last_edited=&#8221;on|tablet&#8221; z_index_tablet=&#8221;500&#8243; global_colors_info=&#8221;{}&#8221;]<\/p>\n<h2>Sobre Nadir Travel &amp; Tour<\/h2>\n<p><span style=\"font-weight: 400;\">Travel Nadir \u00e9 uma ag\u00eancia de viagens com 40 anos de experi\u00eancia <\/span><span style=\"font-weight: 400;\">no setor do turismo, ao longo de todos estes anos selecionamos cuidadosamente os melhores parceiros italianos e estrangeiros com o desejo de oferecer aos nossos clientes experi\u00eancias \u00fanicas e inesquec\u00edveis em todo o mundo.<\/span><\/p>\n<p><span style=\"font-weight: 400;\">Nossa ag\u00eancia \u00e9 especializada em 3 grandes setores<\/span>:<\/p>\n<ol>\n<li><strong>Viagens de Neg\u00f3cios<\/strong><\/li>\n<li><strong>Lua de Mel<\/strong><\/li>\n<li><strong>Viagens Gastron\u00f4micas.<\/strong><\/li>\n<\/ol>\n<p>Sessem momentos especiais que possam acompanh\u00e1-los por toda a vida.empre fomos movidos pelo desejo de fazer com que nossos clientes viv<br \/>Para n\u00f3s viajar \u00e9 crescer, aprender, divertir-se mas tamb\u00e9m entusiasmar-se e descobrir o mundo sempre com outros olhos.<\/p>\n<p>[\/et_pb_text][\/et_pb_column][et_pb_column type=&#8221;1_3&#8243; _builder_version=&#8221;4.16&#8243; custom_padding=&#8221;|||&#8221; custom_css_main_element=&#8221;margin:auto;&#8221; global_colors_info=&#8221;{}&#8221; custom_padding__hover=&#8221;|||&#8221;][et_pb_image src=&#8221;https:\/\/www.nadirtravel.com\/wp-content\/uploads\/2024\/03\/nadirtravel_logo.png&#8221; alt=&#8221;Nadir Travel &#038; Tour&#8221; title_text=&#8221;Nadir Travel &#038; Tour&#8221; _builder_version=&#8221;4.25.0&#8243; _module_preset=&#8221;default&#8221; background_color=&#8221;#FFFFFF&#8221; border_radii=&#8221;on|5px|5px|5px|5px&#8221; border_width_all=&#8221;3px&#8221; border_color_all=&#8221;#e94935&#8243; box_shadow_style=&#8221;preset1&#8243; global_colors_info=&#8221;{}&#8221;][\/et_pb_image][\/et_pb_column][\/et_pb_row][\/et_pb_section][et_pb_section fb_built=&#8221;1&#8243; custom_padding_last_edited=&#8221;on|phone&#8221; prev_background_color=&#8221;#f5f6f7&#8243; _builder_version=&#8221;4.25.0&#8243; background_color=&#8221;#ffffff&#8221; use_background_color_gradient=&#8221;on&#8221; background_color_gradient_stops=&#8221;rgba(255,255,255,0.61) 1%|rgba(255, 255, 255, 0.66) 22%|#ffffff 80%&#8221; background_color_gradient_overlays_image=&#8221;on&#8221; background_image=&#8221;https:\/\/www.nadirtravel.com\/wp-content\/uploads\/2024\/04\/nadir-travel-mission.webp&#8221; parallax=&#8221;on&#8221; custom_padding=&#8221;90px||2px||false|false&#8221; custom_padding_tablet=&#8221;70px||30px|&#8221; custom_padding_phone=&#8221;50px||30px|&#8221; top_divider_style=&#8221;arrow2&#8243; z_index_tablet=&#8221;500&#8243; locked=&#8221;off&#8221; global_colors_info=&#8221;{}&#8221;][et_pb_row column_structure=&#8221;1_3,2_3&#8243; make_equal=&#8221;on&#8221; custom_padding_last_edited=&#8221;on|tablet&#8221; _builder_version=&#8221;4.16&#8243; background_size=&#8221;initial&#8221; background_position=&#8221;top_left&#8221; background_repeat=&#8221;repeat&#8221; custom_padding=&#8221;||20px|&#8221; custom_padding_tablet=&#8221;||0px|&#8221; custom_padding_phone=&#8221;&#8221; z_index_tablet=&#8221;500&#8243; global_colors_info=&#8221;{}&#8221;][et_pb_column type=&#8221;1_3&#8243; _builder_version=&#8221;4.16&#8243; custom_padding=&#8221;|||&#8221; global_colors_info=&#8221;{}&#8221; custom_padding__hover=&#8221;|||&#8221;][et_pb_image src=&#8221;https:\/\/www.nadirtravel.com\/wp-content\/uploads\/2024\/04\/about-nadirtravel-02.jpg&#8221; alt=&#8221;Nadir Travel &#038; Tour&#8221; title_text=&#8221;About Nadir Travel&#8221; _builder_version=&#8221;4.25.0&#8243; _module_preset=&#8221;default&#8221; background_color=&#8221;#FFFFFF&#8221; border_radii=&#8221;on|5px|5px|5px|5px&#8221; border_width_all=&#8221;3px&#8221; border_color_all=&#8221;#e94935&#8243; box_shadow_style=&#8221;preset1&#8243; global_colors_info=&#8221;{}&#8221;][\/et_pb_image][\/et_pb_column][et_pb_column type=&#8221;2_3&#8243; _builder_version=&#8221;4.16&#8243; custom_padding=&#8221;|||&#8221; custom_css_main_element=&#8221;margin:auto;&#8221; global_colors_info=&#8221;{}&#8221; custom_padding__hover=&#8221;|||&#8221;][et_pb_text _builder_version=&#8221;4.25.1&#8243; text_font=&#8221;Nunito Sans||||||||&#8221; text_text_color=&#8221;#747489&#8243; header_2_font_size=&#8221;35px&#8221; header_2_line_height=&#8221;1.7em&#8221; custom_margin=&#8221;||30px|&#8221; custom_margin_tablet=&#8221;||0px|&#8221; custom_margin_phone=&#8221;&#8221; custom_margin_last_edited=&#8221;on|tablet&#8221; z_index_tablet=&#8221;500&#8243; global_colors_info=&#8221;{}&#8221;]<\/p>\n<h2>Nossa miss\u00e3o:<\/h2>\n<p>Nosso objetivo \u00e9 entender as paix\u00f5es, interesses e necessidades de nossos clientes para garantir-lhes experi\u00eancias de viagem \u00fanicas e altamente personalizadas.<\/p>\n<p>Atribu\u00edmos grande import\u00e2ncia ao tempo livre dos nossos viajantes porque sabemos que esses momentos est\u00e3o entre os mais preciosos da vida de todos, por isso a satisfa\u00e7\u00e3o e felicidade dos nossos clientes s\u00e3o a nossa principal prioridade.<\/p>\n<p>[\/et_pb_text][\/et_pb_column][\/et_pb_row][\/et_pb_section][et_pb_section fb_built=&#8221;1&#8243; prev_background_color=&#8221;#ffffff&#8221; _builder_version=&#8221;4.25.0&#8243; background_color=&#8221;#f5f6f7&#8243; top_divider_style=&#8221;arrow2&#8243; locked=&#8221;off&#8221; global_colors_info=&#8221;{}&#8221;][et_pb_row column_structure=&#8221;3_5,2_5&#8243; make_equal=&#8221;on&#8221; custom_padding_last_edited=&#8221;on|tablet&#8221; _builder_version=&#8221;4.16&#8243; background_size=&#8221;initial&#8221; background_position=&#8221;top_left&#8221; background_repeat=&#8221;repeat&#8221; custom_padding=&#8221;||20px|&#8221; custom_padding_tablet=&#8221;||0px|&#8221; custom_padding_phone=&#8221;&#8221; z_index_tablet=&#8221;500&#8243; global_colors_info=&#8221;{}&#8221;][et_pb_column type=&#8221;3_5&#8243; _builder_version=&#8221;4.16&#8243; custom_padding=&#8221;|||&#8221; global_colors_info=&#8221;{}&#8221; custom_padding__hover=&#8221;|||&#8221;][et_pb_text _builder_version=&#8221;4.25.1&#8243; text_font=&#8221;Nunito Sans||||||||&#8221; text_text_color=&#8221;#747489&#8243; header_2_font_size=&#8221;35px&#8221; header_2_line_height=&#8221;1.7em&#8221; custom_margin=&#8221;||30px|&#8221; custom_margin_tablet=&#8221;||0px|&#8221; custom_margin_phone=&#8221;&#8221; custom_margin_last_edited=&#8221;on|tablet&#8221; z_index_tablet=&#8221;500&#8243; global_colors_info=&#8221;{}&#8221;]<\/p>\n<h2 style=\"text-align: center;\">Equipe<\/h2>\n<p>[\/et_pb_text][\/et_pb_column][et_pb_column type=&#8221;2_5&#8243; _builder_version=&#8221;4.16&#8243; custom_padding=&#8221;|||&#8221; custom_css_main_element=&#8221;margin:auto;&#8221; global_colors_info=&#8221;{}&#8221; custom_padding__hover=&#8221;|||&#8221;][\/et_pb_column][\/et_pb_row][et_pb_row column_structure=&#8221;1_2,1_2&#8243; make_equal=&#8221;on&#8221; _builder_version=&#8221;4.16&#8243; width=&#8221;80.4%&#8221; z_index_tablet=&#8221;500&#8243; global_colors_info=&#8221;{}&#8221;][et_pb_column type=&#8221;1_2&#8243; _builder_version=&#8221;4.16&#8243; custom_padding=&#8221;|||&#8221; global_colors_info=&#8221;{}&#8221; custom_padding__hover=&#8221;|||&#8221;][et_pb_image src=&#8221;https:\/\/www.nadirtravel.com\/wp-content\/uploads\/2024\/04\/Gabriella-Orioli-scaled.jpg&#8221; alt=&#8221;Gabriella Orioli, Founder Nadir Travel&#8221; title_text=&#8221;Gabriella Orioli&#8221; force_fullwidth=&#8221;on&#8221; align_tablet=&#8221;center&#8221; align_phone=&#8221;center&#8221; align_last_edited=&#8221;on|desktop&#8221; _builder_version=&#8221;4.25.0&#8243; background_color=&#8221;#d2d2d2&#8243; custom_padding=&#8221;1px|||||&#8221; filter_opacity=&#8221;80%&#8221; z_index_tablet=&#8221;500&#8243; border_radii=&#8221;on|5px|5px|5px|5px&#8221; border_width_all=&#8221;3px&#8221; border_color_all=&#8221;gcid-primary-color&#8221; box_shadow_style=&#8221;preset1&#8243; global_colors_info=&#8221;{%22gcid-primary-color%22:%91%22border_color_all%22%93}&#8221;][\/et_pb_image][\/et_pb_column][et_pb_column type=&#8221;1_2&#8243; _builder_version=&#8221;4.16&#8243; custom_padding=&#8221;|||&#8221; custom_css_main_element=&#8221;margin:auto;&#8221; global_colors_info=&#8221;{}&#8221; custom_padding__hover=&#8221;|||&#8221;][et_pb_text _builder_version=&#8221;4.25.1&#8243; text_font=&#8221;Nunito Sans||||||||&#8221; text_text_color=&#8221;#747489&#8243; header_2_text_align=&#8221;left&#8221; header_2_font_size=&#8221;35px&#8221; header_2_line_height=&#8221;1.7em&#8221; text_orientation=&#8221;justified&#8221; max_width=&#8221;85%&#8221; max_width_tablet=&#8221;100%&#8221; max_width_phone=&#8221;&#8221; max_width_last_edited=&#8221;on|desktop&#8221; custom_margin=&#8221;||40px|&#8221; header_2_font_size_tablet=&#8221;30px&#8221; header_2_font_size_phone=&#8221;28px&#8221; header_2_font_size_last_edited=&#8221;on|phone&#8221; z_index_tablet=&#8221;500&#8243; global_colors_info=&#8221;{}&#8221;]<\/p>\n<h2>Gabriella Orioli<\/h2>\n<p>Sou a fundadora e propriet\u00e1ria da Travel Nadir. Depois de mais de 15 anos vivendo no exterior entre Fran\u00e7a, Am\u00e9rica do Norte, Am\u00e9rica do Sul e \u00c1frica trabalhando para grandes empresas multinacionais da ind\u00fastria do Turismo, em 1983 decidi abrir minha pr\u00f3pria empresa.<\/p>\n<p>Viajar muitas vezes abre novas perspectivas, amplia horizontes e cria mem\u00f3rias duradouras. Seja explorando novas culturas, experimentando diferentes culin\u00e1rias ou simplesmente experimentando a beleza da natureza, viajar tem uma forma \u00fanica de enriquecer nossas vidas.<\/p>\n<p>Viajar \u00e9 a minha vida e desde 1983 partilho diariamente a minha paix\u00e3o por isso com a minha equipa e com os nossos clientes.<\/p>\n<p>[\/et_pb_text][\/et_pb_column][\/et_pb_row][et_pb_row column_structure=&#8221;1_2,1_2&#8243; make_equal=&#8221;on&#8221; _builder_version=&#8221;4.16&#8243; width=&#8221;80.4%&#8221; z_index_tablet=&#8221;500&#8243; global_colors_info=&#8221;{}&#8221;][et_pb_column type=&#8221;1_2&#8243; _builder_version=&#8221;4.16&#8243; custom_padding=&#8221;|||&#8221; global_colors_info=&#8221;{}&#8221; custom_padding__hover=&#8221;|||&#8221;][et_pb_image src=&#8221;https:\/\/www.nadirtravel.com\/wp-content\/uploads\/2024\/04\/Leonardo-Rotondo-scaled.jpg&#8221; alt=&#8221;Massimiliano Rotondo&#8221; title_text=&#8221;Leonardo Rotondo&#8221; force_fullwidth=&#8221;on&#8221; align_tablet=&#8221;center&#8221; align_phone=&#8221;center&#8221; align_last_edited=&#8221;on|desktop&#8221; _builder_version=&#8221;4.25.0&#8243; background_color=&#8221;#d2d2d2&#8243; custom_padding=&#8221;1px|||||&#8221; filter_opacity=&#8221;80%&#8221; z_index_tablet=&#8221;500&#8243; border_radii=&#8221;on|5px|5px|5px|5px&#8221; border_width_all=&#8221;3px&#8221; border_color_all=&#8221;gcid-primary-color&#8221; box_shadow_style=&#8221;preset1&#8243; global_colors_info=&#8221;{%22gcid-primary-color%22:%91%22border_color_all%22%93}&#8221;][\/et_pb_image][\/et_pb_column][et_pb_column type=&#8221;1_2&#8243; _builder_version=&#8221;4.16&#8243; custom_padding=&#8221;|||&#8221; custom_css_main_element=&#8221;margin:auto;&#8221; global_colors_info=&#8221;{}&#8221; custom_padding__hover=&#8221;|||&#8221;][et_pb_text _builder_version=&#8221;4.25.1&#8243; text_font=&#8221;Nunito Sans||||||||&#8221; text_text_color=&#8221;#747489&#8243; header_2_text_align=&#8221;left&#8221; header_2_font_size=&#8221;35px&#8221; header_2_line_height=&#8221;1.7em&#8221; text_orientation=&#8221;justified&#8221; max_width=&#8221;85%&#8221; max_width_tablet=&#8221;100%&#8221; max_width_phone=&#8221;&#8221; max_width_last_edited=&#8221;on|desktop&#8221; custom_margin=&#8221;||40px|&#8221; header_2_font_size_tablet=&#8221;30px&#8221; header_2_font_size_phone=&#8221;28px&#8221; header_2_font_size_last_edited=&#8221;on|phone&#8221; z_index_tablet=&#8221;500&#8243; global_colors_info=&#8221;{}&#8221;]<\/p>\n<h2>Leonardo Rotondo<\/h2>\n<p>Meu nome \u00e9 Leonardo Rotondo, CEO e copropriet\u00e1rio da Travel Nadir.<br \/>Depois de 25 anos trabalhando no setor de seguros para uma das principais seguradoras da Europa, em 1983 decidi me juntar \u00e0 minha esposa Gabriella (fundadora e propriet\u00e1ria da Travel Nadir) e come\u00e7ar com ela um cap\u00edtulo totalmente diferente da minha vida.<\/p>\n<p>Deixar o setor onde trabalhei com sucesso por mais de 20 anos, come\u00e7ando do zero em um setor com o qual n\u00e3o estava familiarizado, foi um passo dif\u00edcil de dar, mas acabou sendo a melhor decis\u00e3o que poderia tomar.<\/p>\n<p>Minha principal fun\u00e7\u00e3o \u00e9 supervisionar o direcionamento estrat\u00e9gico e as opera\u00e7\u00f5es comerciais da empresa, garantindo que a Travel Nadir ofere\u00e7a servi\u00e7os de primeira linha e viagens inesquec\u00edveis aos seus clientes.<\/p>\n<p>[\/et_pb_text][\/et_pb_column][\/et_pb_row][et_pb_row column_structure=&#8221;1_2,1_2&#8243; make_equal=&#8221;on&#8221; _builder_version=&#8221;4.16&#8243; width=&#8221;80.4%&#8221; z_index_tablet=&#8221;500&#8243; global_colors_info=&#8221;{}&#8221;][et_pb_column type=&#8221;1_2&#8243; _builder_version=&#8221;4.16&#8243; custom_padding=&#8221;|||&#8221; global_colors_info=&#8221;{}&#8221; custom_padding__hover=&#8221;|||&#8221;][et_pb_image src=&#8221;https:\/\/www.nadirtravel.com\/wp-content\/uploads\/2024\/04\/massimiliano-rotondo.jpg&#8221; alt=&#8221;Massimiliano Rotondo&#8221; title_text=&#8221;Massimiliano Rotondo&#8221; force_fullwidth=&#8221;on&#8221; align_tablet=&#8221;center&#8221; align_phone=&#8221;center&#8221; align_last_edited=&#8221;on|desktop&#8221; _builder_version=&#8221;4.24.2&#8243; background_color=&#8221;#d2d2d2&#8243; custom_padding=&#8221;1px|||||&#8221; filter_opacity=&#8221;80%&#8221; border_radii=&#8221;on|5px|5px|5px|5px&#8221; border_width_all=&#8221;3px&#8221; border_color_all=&#8221;gcid-primary-color&#8221; box_shadow_style=&#8221;preset1&#8243; global_colors_info=&#8221;{%22gcid-primary-color%22:%91%22border_color_all%22%93}&#8221;][\/et_pb_image][\/et_pb_column][et_pb_column type=&#8221;1_2&#8243; _builder_version=&#8221;4.16&#8243; custom_padding=&#8221;|||&#8221; custom_css_main_element=&#8221;margin:auto;&#8221; global_colors_info=&#8221;{}&#8221; custom_padding__hover=&#8221;|||&#8221;][et_pb_text _builder_version=&#8221;4.25.1&#8243; text_font=&#8221;Nunito Sans||||||||&#8221; text_text_color=&#8221;#747489&#8243; header_2_text_align=&#8221;left&#8221; header_2_font_size=&#8221;35px&#8221; header_2_line_height=&#8221;1.7em&#8221; text_orientation=&#8221;justified&#8221; max_width=&#8221;85%&#8221; max_width_tablet=&#8221;100%&#8221; max_width_phone=&#8221;&#8221; max_width_last_edited=&#8221;on|desktop&#8221; custom_margin=&#8221;||40px|&#8221; header_2_font_size_tablet=&#8221;30px&#8221; header_2_font_size_phone=&#8221;28px&#8221; header_2_font_size_last_edited=&#8221;on|phone&#8221; z_index_tablet=&#8221;500&#8243; global_colors_info=&#8221;{}&#8221;]<\/p>\n<h2>Massimiliano Rotondo<\/h2>\n<p>Meu nome \u00e9 Massimiliano Rotondo, sou Gerente de Desenvolvimento de Neg\u00f3cios e Parcerias da Travel Nadir, especializado em construir parcerias comerciais estrat\u00e9gicas, expandir a rede de neg\u00f3cios da Travel Nadir e abrir caminho para aventuras incompar\u00e1veis.<\/p>\n<p>Ter vivido em v\u00e1rios pa\u00edses deu-me a oportunidade de desenvolver um profundo apre\u00e7o por diversas culturas e uma profunda compreens\u00e3o dos mercados globais. Minha paix\u00e3o por viagens n\u00e3o \u00e9 apenas um hobby; \u00e9 uma for\u00e7a motriz por tr\u00e1s dos meus esfor\u00e7os profissionais.<\/p>\n<p>Al\u00e9m da sala de reuni\u00f5es, muitas vezes voc\u00ea me encontrar\u00e1 explorando novos destinos, mergulhando nos costumes locais e procurando joias escondidas fora dos roteiros mais conhecidos. <\/p>\n<p>[\/et_pb_text][et_pb_button button_url=&#8221;https:\/\/www.linkedin.com\/in\/rotondomassimiliano\/&#8221; button_text=&#8221;My LinkedIn&#8221; _builder_version=&#8221;4.24.2&#8243; custom_button=&#8221;on&#8221; button_bg_color=&#8221;#ff6d6d&#8221; button_border_color=&#8221;#ff6d6d&#8221; button_border_radius=&#8221;1px&#8221; button_font=&#8221;||||||||&#8221; button_icon=&#8221;&#x35;||divi||400&#8243; button_icon_color=&#8221;#ffffff&#8221; background_layout=&#8221;dark&#8221; custom_padding=&#8221;8px|30px|8px|30px|true|true&#8221; z_index_tablet=&#8221;500&#8243; box_shadow_style=&#8221;preset2&#8243; box_shadow_horizontal=&#8221;3px&#8221; box_shadow_color=&#8221;rgba(255,109,109,0.5)&#8221; global_colors_info=&#8221;{}&#8221;][\/et_pb_button][\/et_pb_column][\/et_pb_row][\/et_pb_section]<\/p>\n","protected":false},"excerpt":{"rendered":"<p>Sobre NosIn\u00edcio\/ Sobre n\u00f3sSobre Nadir Travel &amp; Tour Travel Nadir \u00e9 uma ag\u00eancia de viagens com 40 anos de experi\u00eancia no setor do turismo, ao longo de todos estes anos selecionamos cuidadosamente os melhores parceiros italianos e estrangeiros com o desejo de oferecer aos nossos clientes experi\u00eancias \u00fanicas e inesquec\u00edveis em todo o mundo. Nossa [&hellip;]<\/p>\n","protected":false},"author":1,"featured_media":0,"parent":0,"menu_order":0,"comment_status":"closed","ping_status":"closed","template":"","meta":{"_et_pb_use_builder":"on","_et_pb_old_content":"","_et_gb_content_width":"","footnotes":""},"class_list":["post-764","page","type-page","status-publish","hentry"],"_links":{"self":[{"href":"https:\/\/www.nadirtravel.com\/pt-br\/wp-json\/wp\/v2\/pages\/764","targetHints":{"allow":["GET"]}}],"collection":[{"href":"https:\/\/www.nadirtravel.com\/pt-br\/wp-json\/wp\/v2\/pages"}],"about":[{"href":"https:\/\/www.nadirtravel.com\/pt-br\/wp-json\/wp\/v2\/types\/page"}],"author":[{"embeddable":true,"href":"https:\/\/www.nadirtravel.com\/pt-br\/wp-json\/wp\/v2\/users\/1"}],"replies":[{"embeddable":true,"href":"https:\/\/www.nadirtravel.com\/pt-br\/wp-json\/wp\/v2\/comments?post=764"}],"version-history":[{"count":0,"href":"https:\/\/www.nadirtravel.com\/pt-br\/wp-json\/wp\/v2\/pages\/764\/revisions"}],"wp:attachment":[{"href":"https:\/\/www.nadirtravel.com\/pt-br\/wp-json\/wp\/v2\/media?parent=764"}],"curies":[{"name":"wp","href":"https:\/\/api.w.org\/{rel}","templated":true}]}}