
{"id":835,"date":"2024-03-20T11:31:06","date_gmt":"2024-03-20T10:31:06","guid":{"rendered":"https:\/\/www.nadirtravel.com\/business_travel\/"},"modified":"2024-06-09T00:14:47","modified_gmt":"2024-06-08T22:14:47","slug":"gestao-de-viagens-corporativas","status":"publish","type":"page","link":"https:\/\/www.nadirtravel.com\/pt-br\/gestao-de-viagens-corporativas\/","title":{"rendered":"Gest\u00e3o de viagens corporativas"},"content":{"rendered":"<p>[et_pb_section fb_built=&#8221;1&#8243; module_class=&#8221;header-section&#8221; _builder_version=&#8221;4.25.1&#8243; background_color=&#8221;rgba(51,84,152,0.45)&#8221; background_image=&#8221;https:\/\/www.nadirtravel.com\/wp-content\/uploads\/2024\/06\/briana-tozour-Yq2wUxLSzT8-unsplash-scaled.jpg&#8221; background_blend=&#8221;multiply&#8221; z_index_tablet=&#8221;500&#8243; locked=&#8221;off&#8221; global_colors_info=&#8221;{}&#8221;][et_pb_row column_structure=&#8221;2_3,1_3&#8243; make_equal=&#8221;on&#8221; custom_padding_last_edited=&#8221;on|desktop&#8221; _builder_version=&#8221;4.16&#8243; background_size=&#8221;initial&#8221; background_position=&#8221;top_left&#8221; background_repeat=&#8221;repeat&#8221; custom_padding=&#8221;15vh||9vh|&#8221; custom_padding_tablet=&#8221;12vh||5vh|&#8221; custom_padding_phone=&#8221;10vh||3vh|&#8221; z_index_tablet=&#8221;500&#8243; global_colors_info=&#8221;{}&#8221;][et_pb_column type=&#8221;2_3&#8243; _builder_version=&#8221;4.16&#8243; custom_padding=&#8221;|||&#8221; global_colors_info=&#8221;{}&#8221; custom_padding__hover=&#8221;|||&#8221;][et_pb_text _builder_version=&#8221;4.25.1&#8243; header_font=&#8221;Droid Serif||||||||&#8221; header_text_color=&#8221;#ffffff&#8221; header_font_size=&#8221;55px&#8221; header_line_height=&#8221;1.2em&#8221; header_font_size_tablet=&#8221;46px&#8221; header_font_size_phone=&#8221;38px&#8221; header_font_size_last_edited=&#8221;on|phone&#8221; z_index_tablet=&#8221;500&#8243; global_colors_info=&#8221;{}&#8221;]<\/p>\n<h1>Gest\u00e3o de viagens corporativas<\/h1>\n<p>[\/et_pb_text][\/et_pb_column][et_pb_column type=&#8221;1_3&#8243; _builder_version=&#8221;4.16&#8243; custom_padding=&#8221;|||&#8221; custom_css_main_element=&#8221;margin:auto;&#8221; global_colors_info=&#8221;{}&#8221; custom_padding__hover=&#8221;|||&#8221;][\/et_pb_column][\/et_pb_row][\/et_pb_section][et_pb_section fb_built=&#8221;1&#8243; _builder_version=&#8221;4.25.1&#8243; _module_preset=&#8221;default&#8221; locked=&#8221;off&#8221; global_colors_info=&#8221;{}&#8221;][et_pb_row column_structure=&#8221;1_2,1_2&#8243; _builder_version=&#8221;4.25.1&#8243; _module_preset=&#8221;default&#8221; global_colors_info=&#8221;{}&#8221;][et_pb_column type=&#8221;1_2&#8243; _builder_version=&#8221;4.25.1&#8243; _module_preset=&#8221;default&#8221; global_colors_info=&#8221;{}&#8221;][et_pb_text _builder_version=&#8221;4.25.1&#8243; _module_preset=&#8221;default&#8221; global_colors_info=&#8221;{}&#8221;]<\/p>\n<h2>Nossa ag\u00eancia tem 40 anos de experi\u00eancia no gerenciamento de viagens de neg\u00f3cios.<\/h2>\n<p>[\/et_pb_text][et_pb_divider divider_weight=&#8221;2px&#8221; _builder_version=&#8221;4.25.1&#8243; _module_preset=&#8221;default&#8221; max_width=&#8221;40%&#8221; module_alignment=&#8221;left&#8221; global_colors_info=&#8221;{}&#8221;][\/et_pb_divider][et_pb_text _builder_version=&#8221;4.25.1&#8243; _module_preset=&#8221;default&#8221; text_font_size=&#8221;20px&#8221; global_colors_info=&#8221;{}&#8221;]<\/p>\n<p>As viagens de neg\u00f3cios s\u00e3o um novo conceito das chamadas viagens de neg\u00f3cios, que incluem tudo o que est\u00e1 relacionado com a organiza\u00e7\u00e3o de uma viagem de neg\u00f3cios em todas as suas vertentes, desde a econ\u00f3mica \u00e0 log\u00edstica-organizacional.<\/p>\n<p>As viagens de neg\u00f3cios representam uma despesa importante para as empresas, grandes e pequenas, muitas vezes s\u00e3o utilizadas para visitar clientes, celebrar novos contratos, manter contacto com fornecedores ou acompanhar a evolu\u00e7\u00e3o do sector, atrav\u00e9s de feiras, exposi\u00e7\u00f5es, etc.<\/p>\n<p>[\/et_pb_text][\/et_pb_column][et_pb_column type=&#8221;1_2&#8243; _builder_version=&#8221;4.25.1&#8243; _module_preset=&#8221;default&#8221; global_colors_info=&#8221;{}&#8221;][et_pb_text _builder_version=&#8221;4.25.1&#8243; _module_preset=&#8221;default&#8221; background_enable_color=&#8221;off&#8221; background_image=&#8221;https:\/\/www.nadirtravel.com\/wp-content\/uploads\/2024\/06\/BUSINESS-TRAVEL-AIRPLANE-3.webp&#8221; background_enable_mask_style=&#8221;on&#8221; background_mask_style=&#8221;honeycomb&#8221; background_mask_color=&#8221;rgba(255,255,255,0.5)&#8221; background_mask_transform=&#8221;invert&#8221; background_mask_aspect_ratio=&#8221;portrait&#8221; background_mask_size=&#8221;custom&#8221; background_mask_width=&#8221;100%&#8221; width=&#8221;400px&#8221; width_tablet=&#8221;450px&#8221; width_phone=&#8221;250px&#8221; width_last_edited=&#8221;on|phone&#8221; module_alignment=&#8221;center&#8221; min_height=&#8221;500px&#8221; min_height_tablet=&#8221;500px&#8221; min_height_phone=&#8221;500px&#8221; min_height_last_edited=&#8221;on|phone&#8221; height_tablet=&#8221;500px&#8221; height_phone=&#8221;300px&#8221; height_last_edited=&#8221;on|phone&#8221; module_alignment_tablet=&#8221;center&#8221; module_alignment_phone=&#8221;center&#8221; module_alignment_last_edited=&#8221;on|phone&#8221; border_radii=&#8221;on|25px|25px|25px|25px&#8221; border_width_all=&#8221;10px&#8221; border_color_all=&#8221;#e94935&#8243; box_shadow_style=&#8221;preset2&#8243; locked=&#8221;off&#8221; global_colors_info=&#8221;{}&#8221;][\/et_pb_text][\/et_pb_column][\/et_pb_row][et_pb_row column_structure=&#8221;1_2,1_2&#8243; _builder_version=&#8221;4.25.1&#8243; _module_preset=&#8221;default&#8221; global_colors_info=&#8221;{}&#8221;][et_pb_column type=&#8221;1_2&#8243; _builder_version=&#8221;4.25.1&#8243; _module_preset=&#8221;default&#8221; global_colors_info=&#8221;{}&#8221;][et_pb_text _builder_version=&#8221;4.25.1&#8243; _module_preset=&#8221;default&#8221; background_enable_color=&#8221;off&#8221; background_image=&#8221;https:\/\/www.nadirtravel.com\/wp-content\/uploads\/2024\/06\/BUSINESS-WOMAN-1.webp&#8221; background_enable_mask_style=&#8221;on&#8221; background_mask_style=&#8221;honeycomb&#8221; background_mask_color=&#8221;rgba(255,255,255,0.5)&#8221; background_mask_transform=&#8221;invert&#8221; background_mask_aspect_ratio=&#8221;portrait&#8221; width=&#8221;400px&#8221; width_tablet=&#8221;450px&#8221; width_phone=&#8221;250px&#8221; width_last_edited=&#8221;on|phone&#8221; module_alignment=&#8221;center&#8221; min_height=&#8221;500px&#8221; min_height_tablet=&#8221;500px&#8221; min_height_phone=&#8221;500px&#8221; min_height_last_edited=&#8221;on|phone&#8221; height_tablet=&#8221;500px&#8221; height_phone=&#8221;300px&#8221; height_last_edited=&#8221;on|phone&#8221; module_alignment_tablet=&#8221;center&#8221; module_alignment_phone=&#8221;center&#8221; module_alignment_last_edited=&#8221;on|phone&#8221; border_radii=&#8221;on|25px|25px|25px|25px&#8221; border_width_all=&#8221;10px&#8221; border_color_all=&#8221;#e94935&#8243; box_shadow_style=&#8221;preset2&#8243; box_shadow_horizontal=&#8221;-6px&#8221; locked=&#8221;off&#8221; global_colors_info=&#8221;{}&#8221;][\/et_pb_text][\/et_pb_column][et_pb_column type=&#8221;1_2&#8243; _builder_version=&#8221;4.25.1&#8243; _module_preset=&#8221;default&#8221; global_colors_info=&#8221;{}&#8221;][et_pb_divider divider_weight=&#8221;2px&#8221; _builder_version=&#8221;4.25.1&#8243; _module_preset=&#8221;default&#8221; max_width=&#8221;40%&#8221; module_alignment=&#8221;left&#8221; global_colors_info=&#8221;{}&#8221;][\/et_pb_divider][et_pb_text _builder_version=&#8221;4.25.1&#8243; _module_preset=&#8221;default&#8221; text_font_size=&#8221;20px&#8221; global_colors_info=&#8221;{}&#8221;]<\/p>\n<p>Organizar uma viagem de neg\u00f3cios significa permitir aos nossos clientes viajar com serenidade e m\u00e1ximo conforto sem se preocuparem com hor\u00e1rios de sa\u00edda e chegada, servi\u00e7os a que ter\u00e3o acesso durante a viagem, organiza\u00e7\u00e3o do tempo livre dispon\u00edvel e controlo do or\u00e7amento pr\u00e9-estabelecido.<\/p>\n<p>Nossos especialistas cuidar\u00e3o de todos os detalhes da sua viagem corporativa, permitindo que voc\u00ea se concentre totalmente no neg\u00f3cio e ao mesmo tempo proporcione \u00e0 sua viagem de neg\u00f3cios momentos de prazer e descoberta.<\/p>\n<p>Diga adeus a todo o estresse t\u00edpico das viagens de neg\u00f3cios e concentre-se exclusivamente no que voc\u00ea faz de melhor, deixando o resto conosco.<\/p>\n<p>[\/et_pb_text][\/et_pb_column][\/et_pb_row][\/et_pb_section]<\/p>\n","protected":false},"excerpt":{"rendered":"<p>Gest\u00e3o de viagens corporativasNossa ag\u00eancia tem 40 anos de experi\u00eancia no gerenciamento de viagens de neg\u00f3cios.As viagens de neg\u00f3cios s\u00e3o um novo conceito das chamadas viagens de neg\u00f3cios, que incluem tudo o que est\u00e1 relacionado com a organiza\u00e7\u00e3o de uma viagem de neg\u00f3cios em todas as suas vertentes, desde a econ\u00f3mica \u00e0 log\u00edstica-organizacional. As viagens [&hellip;]<\/p>\n","protected":false},"author":1,"featured_media":0,"parent":0,"menu_order":0,"comment_status":"closed","ping_status":"closed","template":"","meta":{"_et_pb_use_builder":"on","_et_pb_old_content":"","_et_gb_content_width":"","footnotes":""},"class_list":["post-835","page","type-page","status-publish","hentry"],"_links":{"self":[{"href":"https:\/\/www.nadirtravel.com\/pt-br\/wp-json\/wp\/v2\/pages\/835","targetHints":{"allow":["GET"]}}],"collection":[{"href":"https:\/\/www.nadirtravel.com\/pt-br\/wp-json\/wp\/v2\/pages"}],"about":[{"href":"https:\/\/www.nadirtravel.com\/pt-br\/wp-json\/wp\/v2\/types\/page"}],"author":[{"embeddable":true,"href":"https:\/\/www.nadirtravel.com\/pt-br\/wp-json\/wp\/v2\/users\/1"}],"replies":[{"embeddable":true,"href":"https:\/\/www.nadirtravel.com\/pt-br\/wp-json\/wp\/v2\/comments?post=835"}],"version-history":[{"count":0,"href":"https:\/\/www.nadirtravel.com\/pt-br\/wp-json\/wp\/v2\/pages\/835\/revisions"}],"wp:attachment":[{"href":"https:\/\/www.nadirtravel.com\/pt-br\/wp-json\/wp\/v2\/media?parent=835"}],"curies":[{"name":"wp","href":"https:\/\/api.w.org\/{rel}","templated":true}]}}